{"id":936,"date":"2019-02-03T21:37:38","date_gmt":"2019-02-03T18:37:38","guid":{"rendered":"http:\/\/akyolgroup.com.tr\/?page_id=936"},"modified":"2019-02-04T00:27:33","modified_gmt":"2019-02-03T21:27:33","slug":"ag-serisi","status":"publish","type":"page","link":"https:\/\/akyolgroup.com.tr\/index.php\/urunler\/dis-mekan-kapisi\/exclusiv-seri\/ag-serisi\/","title":{"rendered":"AG Serisi"},"content":{"rendered":"<div id=\"pl-936\"  class=\"panel-layout\" ><div id=\"pg-936-0\"  class=\"panel-grid panel-has-style\" ><div class=\"panel-row-style panel-row-style-for-936-0\" ><div id=\"pgc-936-0-0\"  class=\"panel-grid-cell\" ><div id=\"panel-936-0-0-0\" class=\"so-panel widget widget_sow-editor panel-first-child panel-last-child\" data-index=\"0\" ><div\n\t\t\t\n\t\t\tclass=\"so-widget-sow-editor so-widget-sow-editor-base\"\n\t\t\t\n\t\t>\n<div class=\"siteorigin-widget-tinymce textwidget\">\n\t<p><img loading=\"lazy\" decoding=\"async\" class=\"aligncenter wp-image-894\" src=\"http:\/\/akyolgroup.com.tr\/wp-content\/uploads\/2019\/02\/Inotherm_Aluminium_Haustueren.jpg\" alt=\"\" width=\"1150\" height=\"469\" srcset=\"https:\/\/akyolgroup.com.tr\/wp-content\/uploads\/2019\/02\/Inotherm_Aluminium_Haustueren.jpg 709w, https:\/\/akyolgroup.com.tr\/wp-content\/uploads\/2019\/02\/Inotherm_Aluminium_Haustueren-300x122.jpg 300w\" sizes=\"auto, (max-width: 1150px) 100vw, 1150px\" \/><\/p>\n<\/div>\n<\/div><\/div><\/div><\/div><\/div><div id=\"pg-936-1\"  class=\"panel-grid panel-has-style\" ><div class=\"panel-row-style panel-row-style-for-936-1\" ><div id=\"pgc-936-1-0\"  class=\"panel-grid-cell\" ><div id=\"panel-936-1-0-0\" class=\"so-panel widget widget_sow-editor panel-first-child panel-last-child\" data-index=\"1\" ><div\n\t\t\t\n\t\t\tclass=\"so-widget-sow-editor so-widget-sow-editor-base\"\n\t\t\t\n\t\t>\n<div class=\"siteorigin-widget-tinymce textwidget\">\n\t<h3>Sade dokunu\u015flar ve pratik bir zariflik<\/h3>\n<p class=\"space-top\">Sadece hayal g\u00fcc\u00fcn\u00fcz ve dekorasyon zevkinize hitap eden, tasar\u0131m\u0131n\u0131 sadelikle b\u00fct\u00fcnle\u015ftiren AG Serisi,<br \/>\nsizi kendine hayran b\u0131rakacak. Bir kap\u0131dan ziyade dekorasyonunuzun tamamlay\u0131c\u0131 unsuru olan<br \/>\nAG serisi sizi sadeli\u011fe davet ediyor.<\/p>\n<\/div>\n<\/div><\/div><\/div><div id=\"pgc-936-1-1\"  class=\"panel-grid-cell\" ><div id=\"panel-936-1-1-0\" class=\"so-panel widget widget_sow-editor panel-first-child panel-last-child\" data-index=\"2\" ><div\n\t\t\t\n\t\t\tclass=\"so-widget-sow-editor so-widget-sow-editor-base\"\n\t\t\t\n\t\t>\n<div class=\"siteorigin-widget-tinymce textwidget\">\n\t<p><img loading=\"lazy\" decoding=\"async\" class=\"aligncenter size-full wp-image-859\" src=\"http:\/\/akyolgroup.com.tr\/wp-content\/uploads\/2019\/02\/inotherm_detail_steklo.jpg\" alt=\"\" width=\"672\" height=\"448\" srcset=\"https:\/\/akyolgroup.com.tr\/wp-content\/uploads\/2019\/02\/inotherm_detail_steklo.jpg 672w, https:\/\/akyolgroup.com.tr\/wp-content\/uploads\/2019\/02\/inotherm_detail_steklo-300x200.jpg 300w, https:\/\/akyolgroup.com.tr\/wp-content\/uploads\/2019\/02\/inotherm_detail_steklo-272x182.jpg 272w\" sizes=\"auto, (max-width: 672px) 100vw, 672px\" \/><\/p>\n<\/div>\n<\/div><\/div><\/div><\/div><\/div><div id=\"pg-936-2\"  class=\"panel-grid panel-has-style\" ><div class=\"panel-row-style panel-row-style-for-936-2\" ><div id=\"pgc-936-2-0\"  class=\"panel-grid-cell\" ><div id=\"panel-936-2-0-0\" class=\"so-panel widget widget_sow-image panel-first-child\" data-index=\"3\" ><div\n\t\t\t\n\t\t\tclass=\"so-widget-sow-image so-widget-sow-image-default-8b5b6f678277-936\"\n\t\t\t\n\t\t>\n<div class=\"sow-image-container\">\n\t\t\t<a href=\"http:\/\/akyolgroup.com.tr\/index.php\/urunler\/dis-mekan-kapisi\/exclusiv-seri\/ag-serisi\/age-1030\/\"\n\t\t\t\t\t>\n\t\t\t<img \n\tsrc=\"https:\/\/akyolgroup.com.tr\/wp-content\/uploads\/2019\/02\/age-1030.jpg\" width=\"800\" height=\"1000\" srcset=\"https:\/\/akyolgroup.com.tr\/wp-content\/uploads\/2019\/02\/age-1030.jpg 800w, https:\/\/akyolgroup.com.tr\/wp-content\/uploads\/2019\/02\/age-1030-240x300.jpg 240w, https:\/\/akyolgroup.com.tr\/wp-content\/uploads\/2019\/02\/age-1030-768x960.jpg 768w\" sizes=\"(max-width: 800px) 100vw, 800px\" alt=\"\" \t\tclass=\"so-widget-image\"\/>\n\t\t\t<\/a><\/div>\n\n<\/div><\/div><div id=\"panel-936-2-0-1\" class=\"so-panel widget widget_sow-button panel-last-child\" data-index=\"4\" ><div\n\t\t\t\n\t\t\tclass=\"so-widget-sow-button so-widget-sow-button-atom-bb13d0f132cd-936\"\n\t\t\t\n\t\t><div class=\"ow-button-base ow-button-align-center\"\n>\n\t\t\t<a\n\t\t\t\t\thref=\"http:\/\/akyolgroup.com.tr\/index.php\/urunler\/dis-mekan-kapisi\/exclusiv-seri\/ag-serisi\/age-1030\/\"\n\t\t\t\t\tclass=\"sowb-button ow-icon-placement-left ow-button-hover\" \t>\n\t\t<span>\n\t\t\t\n\t\t\tAGE 1030\t\t<\/span>\n\t\t\t<\/a>\n\t<\/div>\n<\/div><\/div><\/div><div id=\"pgc-936-2-1\"  class=\"panel-grid-cell\" ><div id=\"panel-936-2-1-0\" class=\"so-panel widget widget_sow-image panel-first-child\" data-index=\"5\" ><div\n\t\t\t\n\t\t\tclass=\"so-widget-sow-image so-widget-sow-image-default-8b5b6f678277-936\"\n\t\t\t\n\t\t>\n<div class=\"sow-image-container\">\n\t\t\t<a href=\"http:\/\/akyolgroup.com.tr\/index.php\/urunler\/dis-mekan-kapisi\/exclusiv-seri\/ag-serisi\/age-1032\/\"\n\t\t\t\t\t>\n\t\t\t<img \n\tsrc=\"https:\/\/akyolgroup.com.tr\/wp-content\/uploads\/2019\/02\/age-1032.jpg\" width=\"800\" height=\"1000\" srcset=\"https:\/\/akyolgroup.com.tr\/wp-content\/uploads\/2019\/02\/age-1032.jpg 800w, https:\/\/akyolgroup.com.tr\/wp-content\/uploads\/2019\/02\/age-1032-240x300.jpg 240w, https:\/\/akyolgroup.com.tr\/wp-content\/uploads\/2019\/02\/age-1032-768x960.jpg 768w\" sizes=\"(max-width: 800px) 100vw, 800px\" alt=\"\" \t\tclass=\"so-widget-image\"\/>\n\t\t\t<\/a><\/div>\n\n<\/div><\/div><div id=\"panel-936-2-1-1\" class=\"so-panel widget widget_sow-button panel-last-child\" data-index=\"6\" ><div\n\t\t\t\n\t\t\tclass=\"so-widget-sow-button so-widget-sow-button-atom-bb13d0f132cd-936\"\n\t\t\t\n\t\t><div class=\"ow-button-base ow-button-align-center\"\n>\n\t\t\t<a\n\t\t\t\t\thref=\"http:\/\/akyolgroup.com.tr\/index.php\/urunler\/dis-mekan-kapisi\/exclusiv-seri\/ag-serisi\/age-1032\/\"\n\t\t\t\t\tclass=\"sowb-button ow-icon-placement-left ow-button-hover\" \t>\n\t\t<span>\n\t\t\t\n\t\t\tAGE 1032\t\t<\/span>\n\t\t\t<\/a>\n\t<\/div>\n<\/div><\/div><\/div><div id=\"pgc-936-2-2\"  class=\"panel-grid-cell\" ><div id=\"panel-936-2-2-0\" class=\"so-panel widget widget_sow-image panel-first-child\" data-index=\"7\" ><div\n\t\t\t\n\t\t\tclass=\"so-widget-sow-image so-widget-sow-image-default-8b5b6f678277-936\"\n\t\t\t\n\t\t>\n<div class=\"sow-image-container\">\n\t\t\t<a href=\"http:\/\/akyolgroup.com.tr\/index.php\/urunler\/dis-mekan-kapisi\/exclusiv-seri\/ag-serisi\/age-1038\/\"\n\t\t\t\t\t>\n\t\t\t<img \n\tsrc=\"https:\/\/akyolgroup.com.tr\/wp-content\/uploads\/2019\/02\/age-1038.jpg\" width=\"800\" height=\"1000\" srcset=\"https:\/\/akyolgroup.com.tr\/wp-content\/uploads\/2019\/02\/age-1038.jpg 800w, https:\/\/akyolgroup.com.tr\/wp-content\/uploads\/2019\/02\/age-1038-240x300.jpg 240w, https:\/\/akyolgroup.com.tr\/wp-content\/uploads\/2019\/02\/age-1038-768x960.jpg 768w\" sizes=\"(max-width: 800px) 100vw, 800px\" alt=\"\" \t\tclass=\"so-widget-image\"\/>\n\t\t\t<\/a><\/div>\n\n<\/div><\/div><div id=\"panel-936-2-2-1\" class=\"so-panel widget widget_sow-button panel-last-child\" data-index=\"8\" ><div\n\t\t\t\n\t\t\tclass=\"so-widget-sow-button so-widget-sow-button-atom-bb13d0f132cd-936\"\n\t\t\t\n\t\t><div class=\"ow-button-base ow-button-align-center\"\n>\n\t\t\t<a\n\t\t\t\t\thref=\"http:\/\/akyolgroup.com.tr\/index.php\/urunler\/dis-mekan-kapisi\/exclusiv-seri\/ag-serisi\/age-1038\/\"\n\t\t\t\t\tclass=\"sowb-button ow-icon-placement-left ow-button-hover\" \t>\n\t\t<span>\n\t\t\t\n\t\t\tAGE 1038\t\t<\/span>\n\t\t\t<\/a>\n\t<\/div>\n<\/div><\/div><\/div><\/div><\/div><div id=\"pg-936-3\"  class=\"panel-grid panel-has-style\" ><div class=\"panel-row-style panel-row-style-for-936-3\" ><div id=\"pgc-936-3-0\"  class=\"panel-grid-cell\" ><div id=\"panel-936-3-0-0\" class=\"so-panel widget widget_sow-image panel-first-child\" data-index=\"9\" ><div\n\t\t\t\n\t\t\tclass=\"so-widget-sow-image so-widget-sow-image-default-8b5b6f678277-936\"\n\t\t\t\n\t\t>\n<div class=\"sow-image-container\">\n\t\t\t<a href=\"http:\/\/akyolgroup.com.tr\/index.php\/urunler\/dis-mekan-kapisi\/exclusiv-seri\/ag-serisi\/age-1039\/\"\n\t\t\t\t\t>\n\t\t\t<img \n\tsrc=\"https:\/\/akyolgroup.com.tr\/wp-content\/uploads\/2019\/02\/AGE-1039.jpg\" width=\"800\" height=\"1000\" srcset=\"https:\/\/akyolgroup.com.tr\/wp-content\/uploads\/2019\/02\/AGE-1039.jpg 800w, https:\/\/akyolgroup.com.tr\/wp-content\/uploads\/2019\/02\/AGE-1039-240x300.jpg 240w, https:\/\/akyolgroup.com.tr\/wp-content\/uploads\/2019\/02\/AGE-1039-768x960.jpg 768w\" sizes=\"(max-width: 800px) 100vw, 800px\" alt=\"\" \t\tclass=\"so-widget-image\"\/>\n\t\t\t<\/a><\/div>\n\n<\/div><\/div><div id=\"panel-936-3-0-1\" class=\"so-panel widget widget_sow-button panel-last-child\" data-index=\"10\" ><div\n\t\t\t\n\t\t\tclass=\"so-widget-sow-button so-widget-sow-button-atom-bb13d0f132cd-936\"\n\t\t\t\n\t\t><div class=\"ow-button-base ow-button-align-center\"\n>\n\t\t\t<a\n\t\t\t\t\thref=\"http:\/\/akyolgroup.com.tr\/index.php\/urunler\/dis-mekan-kapisi\/exclusiv-seri\/ag-serisi\/age-1039\/\"\n\t\t\t\t\tclass=\"sowb-button ow-icon-placement-left ow-button-hover\" \t>\n\t\t<span>\n\t\t\t\n\t\t\tAGE 1039\t\t<\/span>\n\t\t\t<\/a>\n\t<\/div>\n<\/div><\/div><\/div><div id=\"pgc-936-3-1\"  class=\"panel-grid-cell\" ><div id=\"panel-936-3-1-0\" class=\"so-panel widget widget_sow-image panel-first-child\" data-index=\"11\" ><div\n\t\t\t\n\t\t\tclass=\"so-widget-sow-image so-widget-sow-image-default-8b5b6f678277-936\"\n\t\t\t\n\t\t>\n<div class=\"sow-image-container\">\n\t\t\t<a href=\"http:\/\/akyolgroup.com.tr\/index.php\/urunler\/dis-mekan-kapisi\/exclusiv-seri\/ag-serisi\/age-1041\/\"\n\t\t\t\t\t>\n\t\t\t<img \n\tsrc=\"https:\/\/akyolgroup.com.tr\/wp-content\/uploads\/2019\/02\/AGE-1041.jpg\" width=\"800\" height=\"1000\" srcset=\"https:\/\/akyolgroup.com.tr\/wp-content\/uploads\/2019\/02\/AGE-1041.jpg 800w, https:\/\/akyolgroup.com.tr\/wp-content\/uploads\/2019\/02\/AGE-1041-240x300.jpg 240w, https:\/\/akyolgroup.com.tr\/wp-content\/uploads\/2019\/02\/AGE-1041-768x960.jpg 768w\" sizes=\"(max-width: 800px) 100vw, 800px\" alt=\"\" \t\tclass=\"so-widget-image\"\/>\n\t\t\t<\/a><\/div>\n\n<\/div><\/div><div id=\"panel-936-3-1-1\" class=\"so-panel widget widget_sow-button panel-last-child\" data-index=\"12\" ><div\n\t\t\t\n\t\t\tclass=\"so-widget-sow-button so-widget-sow-button-atom-bb13d0f132cd-936\"\n\t\t\t\n\t\t><div class=\"ow-button-base ow-button-align-center\"\n>\n\t\t\t<a\n\t\t\t\t\thref=\"http:\/\/akyolgroup.com.tr\/index.php\/urunler\/dis-mekan-kapisi\/exclusiv-seri\/ag-serisi\/age-1041\/\"\n\t\t\t\t\tclass=\"sowb-button ow-icon-placement-left ow-button-hover\" \t>\n\t\t<span>\n\t\t\t\n\t\t\tAGE 1041\t\t<\/span>\n\t\t\t<\/a>\n\t<\/div>\n<\/div><\/div><\/div><div id=\"pgc-936-3-2\"  class=\"panel-grid-cell\" ><div id=\"panel-936-3-2-0\" class=\"so-panel widget widget_sow-image panel-first-child\" data-index=\"13\" ><div\n\t\t\t\n\t\t\tclass=\"so-widget-sow-image so-widget-sow-image-default-8b5b6f678277-936\"\n\t\t\t\n\t\t>\n<div class=\"sow-image-container\">\n\t\t\t<a href=\"http:\/\/akyolgroup.com.tr\/index.php\/urunler\/dis-mekan-kapisi\/exclusiv-seri\/ag-serisi\/age-1044\/\"\n\t\t\t\t\t>\n\t\t\t<img \n\tsrc=\"https:\/\/akyolgroup.com.tr\/wp-content\/uploads\/2019\/02\/AGE-1044.jpg\" width=\"800\" height=\"1000\" srcset=\"https:\/\/akyolgroup.com.tr\/wp-content\/uploads\/2019\/02\/AGE-1044.jpg 800w, https:\/\/akyolgroup.com.tr\/wp-content\/uploads\/2019\/02\/AGE-1044-240x300.jpg 240w, https:\/\/akyolgroup.com.tr\/wp-content\/uploads\/2019\/02\/AGE-1044-768x960.jpg 768w\" sizes=\"(max-width: 800px) 100vw, 800px\" alt=\"\" \t\tclass=\"so-widget-image\"\/>\n\t\t\t<\/a><\/div>\n\n<\/div><\/div><div id=\"panel-936-3-2-1\" class=\"so-panel widget widget_sow-button panel-last-child\" data-index=\"14\" ><div\n\t\t\t\n\t\t\tclass=\"so-widget-sow-button so-widget-sow-button-atom-bb13d0f132cd-936\"\n\t\t\t\n\t\t><div class=\"ow-button-base ow-button-align-center\"\n>\n\t\t\t<a\n\t\t\t\t\thref=\"http:\/\/akyolgroup.com.tr\/index.php\/urunler\/dis-mekan-kapisi\/exclusiv-seri\/ag-serisi\/age-1044\/\"\n\t\t\t\t\tclass=\"sowb-button ow-icon-placement-left ow-button-hover\" \t>\n\t\t<span>\n\t\t\t\n\t\t\tAGE 1044\t\t<\/span>\n\t\t\t<\/a>\n\t<\/div>\n<\/div><\/div><\/div><\/div><\/div><\/div>","protected":false},"excerpt":{"rendered":"<p>Lorem ipsum dolor sit amet, consectetur adipisicing elit, sed do eiusmod tempor incididunt ut labore et dolore magna aliqua.<\/p>\n","protected":false},"author":1,"featured_media":979,"parent":877,"menu_order":0,"comment_status":"closed","ping_status":"closed","template":"page-templates\/template-builder.php","meta":{"footnotes":""},"class_list":["post-936","page","type-page","status-publish","has-post-thumbnail","hentry"],"_links":{"self":[{"href":"https:\/\/akyolgroup.com.tr\/index.php\/wp-json\/wp\/v2\/pages\/936","targetHints":{"allow":["GET"]}}],"collection":[{"href":"https:\/\/akyolgroup.com.tr\/index.php\/wp-json\/wp\/v2\/pages"}],"about":[{"href":"https:\/\/akyolgroup.com.tr\/index.php\/wp-json\/wp\/v2\/types\/page"}],"author":[{"embeddable":true,"href":"https:\/\/akyolgroup.com.tr\/index.php\/wp-json\/wp\/v2\/users\/1"}],"replies":[{"embeddable":true,"href":"https:\/\/akyolgroup.com.tr\/index.php\/wp-json\/wp\/v2\/comments?post=936"}],"version-history":[{"count":20,"href":"https:\/\/akyolgroup.com.tr\/index.php\/wp-json\/wp\/v2\/pages\/936\/revisions"}],"predecessor-version":[{"id":982,"href":"https:\/\/akyolgroup.com.tr\/index.php\/wp-json\/wp\/v2\/pages\/936\/revisions\/982"}],"up":[{"embeddable":true,"href":"https:\/\/akyolgroup.com.tr\/index.php\/wp-json\/wp\/v2\/pages\/877"}],"wp:featuredmedia":[{"embeddable":true,"href":"https:\/\/akyolgroup.com.tr\/index.php\/wp-json\/wp\/v2\/media\/979"}],"wp:attachment":[{"href":"https:\/\/akyolgroup.com.tr\/index.php\/wp-json\/wp\/v2\/media?parent=936"}],"curies":[{"name":"wp","href":"https:\/\/api.w.org\/{rel}","templated":true}]}}