{"id":62,"date":"2018-04-24T08:48:42","date_gmt":"2018-04-24T08:48:42","guid":{"rendered":"http:\/\/demo.acmethemes.com\/construction-field-pro\/?page_id=62"},"modified":"2019-02-03T23:58:53","modified_gmt":"2019-02-03T20:58:53","slug":"kalite-politikamiz","status":"publish","type":"page","link":"https:\/\/akyolgroup.com.tr\/index.php\/hakkimizda\/kalite-politikamiz\/","title":{"rendered":"Kalite Politikam\u0131z"},"content":{"rendered":"<p>Kalite Politikam\u0131z<\/p>\n<p><img loading=\"lazy\" decoding=\"async\" class=\"alignleft size-medium wp-image-100\" src=\"http:\/\/akyolgroup.com.tr\/wp-content\/uploads\/2018\/04\/glass-items-3339972_1920-300x200.jpg\" alt=\"\" width=\"300\" height=\"200\" srcset=\"https:\/\/akyolgroup.com.tr\/wp-content\/uploads\/2018\/04\/glass-items-3339972_1920-300x200.jpg 300w, https:\/\/akyolgroup.com.tr\/wp-content\/uploads\/2018\/04\/glass-items-3339972_1920-768x512.jpg 768w, https:\/\/akyolgroup.com.tr\/wp-content\/uploads\/2018\/04\/glass-items-3339972_1920-1024x683.jpg 1024w, https:\/\/akyolgroup.com.tr\/wp-content\/uploads\/2018\/04\/glass-items-3339972_1920-272x182.jpg 272w, https:\/\/akyolgroup.com.tr\/wp-content\/uploads\/2018\/04\/glass-items-3339972_1920.jpg 1920w\" sizes=\"auto, (max-width: 300px) 100vw, 300px\" \/>Kalite y\u00f6netim sistemimiz paralelinde i\u015f s\u00fcre\u00e7lerimizi s\u00fcrekli geli\u015ftirerek, hata oranlar\u0131m\u0131z\u0131 d\u00fc\u015f\u00fcrmek, uygulama ve sonras\u0131 teknik hizmetlerimizi m\u00fc\u015fterilerimizin beklentileri do\u011frultusunda harekete ge\u00e7irmek kalite politikam\u0131zd\u0131r.<\/p>\n","protected":false},"excerpt":{"rendered":"<p>\u00dcr\u00fcnlerimiz Uluslararas\u0131 ge\u00e7erlilik sertifikas\u0131na sahiptir.<\/p>\n","protected":false},"author":1,"featured_media":0,"parent":25,"menu_order":0,"comment_status":"closed","ping_status":"closed","template":"","meta":{"footnotes":""},"class_list":["post-62","page","type-page","status-publish","hentry"],"_links":{"self":[{"href":"https:\/\/akyolgroup.com.tr\/index.php\/wp-json\/wp\/v2\/pages\/62","targetHints":{"allow":["GET"]}}],"collection":[{"href":"https:\/\/akyolgroup.com.tr\/index.php\/wp-json\/wp\/v2\/pages"}],"about":[{"href":"https:\/\/akyolgroup.com.tr\/index.php\/wp-json\/wp\/v2\/types\/page"}],"author":[{"embeddable":true,"href":"https:\/\/akyolgroup.com.tr\/index.php\/wp-json\/wp\/v2\/users\/1"}],"replies":[{"embeddable":true,"href":"https:\/\/akyolgroup.com.tr\/index.php\/wp-json\/wp\/v2\/comments?post=62"}],"version-history":[{"count":2,"href":"https:\/\/akyolgroup.com.tr\/index.php\/wp-json\/wp\/v2\/pages\/62\/revisions"}],"predecessor-version":[{"id":1158,"href":"https:\/\/akyolgroup.com.tr\/index.php\/wp-json\/wp\/v2\/pages\/62\/revisions\/1158"}],"up":[{"embeddable":true,"href":"https:\/\/akyolgroup.com.tr\/index.php\/wp-json\/wp\/v2\/pages\/25"}],"wp:attachment":[{"href":"https:\/\/akyolgroup.com.tr\/index.php\/wp-json\/wp\/v2\/media?parent=62"}],"curies":[{"name":"wp","href":"https:\/\/api.w.org\/{rel}","templated":true}]}}