{"id":58,"date":"2018-04-24T08:46:53","date_gmt":"2018-04-24T08:46:53","guid":{"rendered":"http:\/\/demo.acmethemes.com\/construction-field-pro\/?page_id=58"},"modified":"2019-02-03T23:58:09","modified_gmt":"2019-02-03T20:58:09","slug":"vizyonumuz","status":"publish","type":"page","link":"https:\/\/akyolgroup.com.tr\/index.php\/hakkimizda\/vizyonumuz\/","title":{"rendered":"Vizyonumuz"},"content":{"rendered":"<p>Vizyonumuz<\/p>\n<p><img loading=\"lazy\" decoding=\"async\" class=\"alignleft size-medium wp-image-111\" src=\"http:\/\/akyolgroup.com.tr\/wp-content\/uploads\/2018\/04\/skyline-district-3302126_1920-300x200.jpg\" alt=\"\" width=\"300\" height=\"200\" srcset=\"https:\/\/akyolgroup.com.tr\/wp-content\/uploads\/2018\/04\/skyline-district-3302126_1920-300x200.jpg 300w, https:\/\/akyolgroup.com.tr\/wp-content\/uploads\/2018\/04\/skyline-district-3302126_1920-768x512.jpg 768w, https:\/\/akyolgroup.com.tr\/wp-content\/uploads\/2018\/04\/skyline-district-3302126_1920-1024x683.jpg 1024w, https:\/\/akyolgroup.com.tr\/wp-content\/uploads\/2018\/04\/skyline-district-3302126_1920-272x182.jpg 272w, https:\/\/akyolgroup.com.tr\/wp-content\/uploads\/2018\/04\/skyline-district-3302126_1920.jpg 1920w\" sizes=\"auto, (max-width: 300px) 100vw, 300px\" \/>Yapt\u0131\u011f\u0131m\u0131z i\u015fin kalitesinden, m\u00fc\u015fteri odakl\u0131l\u0131\u011f\u0131m\u0131zdan, g\u00fcvenilirli\u011fimizden ve olu\u015fturmu\u015f oldu\u011fumuz hakkaniyet felsefelerinden \u00f6d\u00fcn vermeden \u00e7al\u0131\u015fmalar yapmak, yapt\u0131\u011f\u0131m\u0131z \u00e7al\u0131\u015fmalar\u0131 i\u00e7 ve di\u015f m\u00fc\u015fterilerimizle payla\u015fmak misyonumuzdur.<\/p>\n","protected":false},"excerpt":{"rendered":"<p>Yapt\u0131\u011f\u0131m\u0131z i\u015fin kalitesinden, m\u00fc\u015fteri odakl\u0131l\u0131\u011f\u0131m\u0131zdan, g\u00fcvenilirli\u011fimizden ve olu\u015fturmu\u015f oldu\u011fumuz hakkaniyet felsefelerinden \u00f6d\u00fcn vermeden \u00e7al\u0131\u015fmalar yapmak, yapt\u0131\u011f\u0131m\u0131z \u00e7al\u0131\u015fmalar\u0131 i\u00e7 ve di\u015f m\u00fc\u015fterilerimizle payla\u015fmak misyonumuzdur.<\/p>\n","protected":false},"author":1,"featured_media":0,"parent":25,"menu_order":0,"comment_status":"closed","ping_status":"closed","template":"","meta":{"footnotes":""},"class_list":["post-58","page","type-page","status-publish","hentry"],"_links":{"self":[{"href":"https:\/\/akyolgroup.com.tr\/index.php\/wp-json\/wp\/v2\/pages\/58","targetHints":{"allow":["GET"]}}],"collection":[{"href":"https:\/\/akyolgroup.com.tr\/index.php\/wp-json\/wp\/v2\/pages"}],"about":[{"href":"https:\/\/akyolgroup.com.tr\/index.php\/wp-json\/wp\/v2\/types\/page"}],"author":[{"embeddable":true,"href":"https:\/\/akyolgroup.com.tr\/index.php\/wp-json\/wp\/v2\/users\/1"}],"replies":[{"embeddable":true,"href":"https:\/\/akyolgroup.com.tr\/index.php\/wp-json\/wp\/v2\/comments?post=58"}],"version-history":[{"count":3,"href":"https:\/\/akyolgroup.com.tr\/index.php\/wp-json\/wp\/v2\/pages\/58\/revisions"}],"predecessor-version":[{"id":1156,"href":"https:\/\/akyolgroup.com.tr\/index.php\/wp-json\/wp\/v2\/pages\/58\/revisions\/1156"}],"up":[{"embeddable":true,"href":"https:\/\/akyolgroup.com.tr\/index.php\/wp-json\/wp\/v2\/pages\/25"}],"wp:attachment":[{"href":"https:\/\/akyolgroup.com.tr\/index.php\/wp-json\/wp\/v2\/media?parent=58"}],"curies":[{"name":"wp","href":"https:\/\/api.w.org\/{rel}","templated":true}]}}