{"id":408,"date":"2019-02-02T02:11:29","date_gmt":"2019-02-01T23:11:29","guid":{"rendered":"http:\/\/akyolgroup.com.tr\/?page_id=408"},"modified":"2019-02-04T19:19:32","modified_gmt":"2019-02-04T16:19:32","slug":"yangin-kapisi","status":"publish","type":"page","link":"https:\/\/akyolgroup.com.tr\/index.php\/urunler\/yangin-kapisi\/","title":{"rendered":"Yang\u0131n Kap\u0131s\u0131"},"content":{"rendered":"<div id=\"pl-408\"  class=\"panel-layout\" ><div id=\"pg-408-0\"  class=\"panel-grid panel-no-style\" ><div id=\"pgc-408-0-0\"  class=\"panel-grid-cell\" ><div id=\"panel-408-0-0-0\" class=\"so-panel widget widget_sow-editor panel-first-child panel-last-child\" data-index=\"0\" ><div\n\t\t\t\n\t\t\tclass=\"so-widget-sow-editor so-widget-sow-editor-base\"\n\t\t\t\n\t\t>\n<div class=\"siteorigin-widget-tinymce textwidget\">\n\t<p><img loading=\"lazy\" decoding=\"async\" class=\"aligncenter size-full wp-image-835\" src=\"http:\/\/akyolgroup.com.tr\/wp-content\/uploads\/2019\/02\/YanginaDayanimliKapiSlider1.jpg\" alt=\"\" width=\"2392\" height=\"850\" srcset=\"https:\/\/akyolgroup.com.tr\/wp-content\/uploads\/2019\/02\/YanginaDayanimliKapiSlider1.jpg 2392w, https:\/\/akyolgroup.com.tr\/wp-content\/uploads\/2019\/02\/YanginaDayanimliKapiSlider1-300x107.jpg 300w, https:\/\/akyolgroup.com.tr\/wp-content\/uploads\/2019\/02\/YanginaDayanimliKapiSlider1-768x273.jpg 768w, https:\/\/akyolgroup.com.tr\/wp-content\/uploads\/2019\/02\/YanginaDayanimliKapiSlider1-1024x364.jpg 1024w\" sizes=\"auto, (max-width: 2392px) 100vw, 2392px\" \/><\/p>\n<p><img loading=\"lazy\" decoding=\"async\" class=\"aligncenter size-full wp-image-1388\" src=\"http:\/\/akyolgroup.com.tr\/wp-content\/uploads\/2019\/02\/YanginaDayanimliKapiAciklamasi.jpg\" alt=\"\" width=\"2000\" height=\"812\" srcset=\"https:\/\/akyolgroup.com.tr\/wp-content\/uploads\/2019\/02\/YanginaDayanimliKapiAciklamasi.jpg 2000w, https:\/\/akyolgroup.com.tr\/wp-content\/uploads\/2019\/02\/YanginaDayanimliKapiAciklamasi-300x122.jpg 300w, https:\/\/akyolgroup.com.tr\/wp-content\/uploads\/2019\/02\/YanginaDayanimliKapiAciklamasi-768x312.jpg 768w, https:\/\/akyolgroup.com.tr\/wp-content\/uploads\/2019\/02\/YanginaDayanimliKapiAciklamasi-1024x416.jpg 1024w\" sizes=\"auto, (max-width: 2000px) 100vw, 2000px\" \/><\/p>\n<p>&nbsp;<\/p>\n<p>&nbsp;<\/p>\n<\/div>\n<\/div><\/div><\/div><\/div><div id=\"pg-408-1\"  class=\"panel-grid panel-no-style\" ><div id=\"pgc-408-1-0\"  class=\"panel-grid-cell\" ><div id=\"panel-408-1-0-0\" class=\"so-panel widget widget_sow-editor panel-first-child panel-last-child\" data-index=\"1\" ><div\n\t\t\t\n\t\t\tclass=\"so-widget-sow-editor so-widget-sow-editor-base\"\n\t\t\t\n\t\t><h3 class=\"widget-title\">F-60 Yang\u0131n Dayan\u0131ml\u0131 54 mm Kap\u0131<\/h3>\n<div class=\"siteorigin-widget-tinymce textwidget\">\n\t<p><img loading=\"lazy\" decoding=\"async\" class=\"aligncenter size-full wp-image-1418\" src=\"http:\/\/akyolgroup.com.tr\/wp-content\/uploads\/2019\/02\/YanginaDayanimli60_54_3-1.png\" alt=\"\" width=\"1119\" height=\"550\" srcset=\"https:\/\/akyolgroup.com.tr\/wp-content\/uploads\/2019\/02\/YanginaDayanimli60_54_3-1.png 1119w, https:\/\/akyolgroup.com.tr\/wp-content\/uploads\/2019\/02\/YanginaDayanimli60_54_3-1-300x147.png 300w, https:\/\/akyolgroup.com.tr\/wp-content\/uploads\/2019\/02\/YanginaDayanimli60_54_3-1-768x377.png 768w, https:\/\/akyolgroup.com.tr\/wp-content\/uploads\/2019\/02\/YanginaDayanimli60_54_3-1-1024x503.png 1024w\" sizes=\"auto, (max-width: 1119px) 100vw, 1119px\" \/><\/p>\n<\/div>\n<\/div><\/div><\/div><\/div><div id=\"pg-408-2\"  class=\"panel-grid panel-no-style\" ><div id=\"pgc-408-2-0\"  class=\"panel-grid-cell\" ><div id=\"panel-408-2-0-0\" class=\"so-panel widget widget_sow-editor panel-first-child panel-last-child\" data-index=\"2\" ><div\n\t\t\t\n\t\t\tclass=\"so-widget-sow-editor so-widget-sow-editor-base\"\n\t\t\t\n\t\t><h3 class=\"widget-title\">F-60 Yang\u0131n Dayan\u0131ml\u0131 54 mm Caml\u0131 Kap\u0131<\/h3>\n<div class=\"siteorigin-widget-tinymce textwidget\">\n\t<p><img loading=\"lazy\" decoding=\"async\" class=\"aligncenter size-full wp-image-1416\" src=\"http:\/\/akyolgroup.com.tr\/wp-content\/uploads\/2019\/02\/YanginaDayanimli60_54_Camli_3-1.png\" alt=\"\" width=\"1108\" height=\"536\" srcset=\"https:\/\/akyolgroup.com.tr\/wp-content\/uploads\/2019\/02\/YanginaDayanimli60_54_Camli_3-1.png 1108w, https:\/\/akyolgroup.com.tr\/wp-content\/uploads\/2019\/02\/YanginaDayanimli60_54_Camli_3-1-300x145.png 300w, https:\/\/akyolgroup.com.tr\/wp-content\/uploads\/2019\/02\/YanginaDayanimli60_54_Camli_3-1-768x372.png 768w, https:\/\/akyolgroup.com.tr\/wp-content\/uploads\/2019\/02\/YanginaDayanimli60_54_Camli_3-1-1024x495.png 1024w\" sizes=\"auto, (max-width: 1108px) 100vw, 1108px\" \/><\/p>\n<\/div>\n<\/div><\/div><\/div><\/div><div id=\"pg-408-3\"  class=\"panel-grid panel-no-style\" ><div id=\"pgc-408-3-0\"  class=\"panel-grid-cell\" ><div id=\"panel-408-3-0-0\" class=\"so-panel widget widget_sow-editor panel-first-child panel-last-child\" data-index=\"3\" ><div\n\t\t\t\n\t\t\tclass=\"so-widget-sow-editor so-widget-sow-editor-base\"\n\t\t\t\n\t\t><h3 class=\"widget-title\">F-30 Yang\u0131n Dayan\u0131ml\u0131 Tek Binili 60 mm Kap\u0131<\/h3>\n<div class=\"siteorigin-widget-tinymce textwidget\">\n\t<p><img loading=\"lazy\" decoding=\"async\" class=\"aligncenter size-full wp-image-1414\" src=\"http:\/\/akyolgroup.com.tr\/wp-content\/uploads\/2019\/02\/YanginaDayanimli30_60_TekBilinili_3-1.png\" alt=\"\" width=\"1113\" height=\"538\" srcset=\"https:\/\/akyolgroup.com.tr\/wp-content\/uploads\/2019\/02\/YanginaDayanimli30_60_TekBilinili_3-1.png 1113w, https:\/\/akyolgroup.com.tr\/wp-content\/uploads\/2019\/02\/YanginaDayanimli30_60_TekBilinili_3-1-300x145.png 300w, https:\/\/akyolgroup.com.tr\/wp-content\/uploads\/2019\/02\/YanginaDayanimli30_60_TekBilinili_3-1-768x371.png 768w, https:\/\/akyolgroup.com.tr\/wp-content\/uploads\/2019\/02\/YanginaDayanimli30_60_TekBilinili_3-1-1024x495.png 1024w\" sizes=\"auto, (max-width: 1113px) 100vw, 1113px\" \/><\/p>\n<\/div>\n<\/div><\/div><\/div><\/div><div id=\"pg-408-4\"  class=\"panel-grid panel-no-style\" ><div id=\"pgc-408-4-0\"  class=\"panel-grid-cell\" ><div id=\"panel-408-4-0-0\" class=\"so-panel widget widget_sow-editor panel-first-child panel-last-child\" data-index=\"4\" ><div\n\t\t\t\n\t\t\tclass=\"so-widget-sow-editor so-widget-sow-editor-base\"\n\t\t\t\n\t\t><h3 class=\"widget-title\">F-30 Yang\u0131n Dayan\u0131ml\u0131 \u00c7ift Binili 70 mm Kap\u0131<\/h3>\n<div class=\"siteorigin-widget-tinymce textwidget\">\n\t<p><img loading=\"lazy\" decoding=\"async\" class=\"aligncenter size-full wp-image-1412\" src=\"http:\/\/akyolgroup.com.tr\/wp-content\/uploads\/2019\/02\/YanginaDayanimli30_70_CiftBilinili_3-1.png\" alt=\"\" width=\"1115\" height=\"536\" srcset=\"https:\/\/akyolgroup.com.tr\/wp-content\/uploads\/2019\/02\/YanginaDayanimli30_70_CiftBilinili_3-1.png 1115w, https:\/\/akyolgroup.com.tr\/wp-content\/uploads\/2019\/02\/YanginaDayanimli30_70_CiftBilinili_3-1-300x144.png 300w, https:\/\/akyolgroup.com.tr\/wp-content\/uploads\/2019\/02\/YanginaDayanimli30_70_CiftBilinili_3-1-768x369.png 768w, https:\/\/akyolgroup.com.tr\/wp-content\/uploads\/2019\/02\/YanginaDayanimli30_70_CiftBilinili_3-1-1024x492.png 1024w\" sizes=\"auto, (max-width: 1115px) 100vw, 1115px\" \/><\/p>\n<\/div>\n<\/div><\/div><\/div><\/div><div id=\"pg-408-5\"  class=\"panel-grid panel-no-style\" ><div id=\"pgc-408-5-0\"  class=\"panel-grid-cell\" ><div id=\"panel-408-5-0-0\" class=\"so-panel widget widget_sow-editor panel-first-child panel-last-child\" data-index=\"5\" ><div\n\t\t\t\n\t\t\tclass=\"so-widget-sow-editor so-widget-sow-editor-base\"\n\t\t\t\n\t\t><h3 class=\"widget-title\">F-30 Yang\u0131n Dayan\u0131ml\u0131 50 mm Kap\u0131<\/h3>\n<div class=\"siteorigin-widget-tinymce textwidget\">\n\t<p><img loading=\"lazy\" decoding=\"async\" class=\"aligncenter size-full wp-image-1410\" src=\"http:\/\/akyolgroup.com.tr\/wp-content\/uploads\/2019\/02\/YanginaDayanimli30_50_3-2.png\" alt=\"\" width=\"1110\" height=\"538\" srcset=\"https:\/\/akyolgroup.com.tr\/wp-content\/uploads\/2019\/02\/YanginaDayanimli30_50_3-2.png 1110w, https:\/\/akyolgroup.com.tr\/wp-content\/uploads\/2019\/02\/YanginaDayanimli30_50_3-2-300x145.png 300w, https:\/\/akyolgroup.com.tr\/wp-content\/uploads\/2019\/02\/YanginaDayanimli30_50_3-2-768x372.png 768w, https:\/\/akyolgroup.com.tr\/wp-content\/uploads\/2019\/02\/YanginaDayanimli30_50_3-2-1024x496.png 1024w\" sizes=\"auto, (max-width: 1110px) 100vw, 1110px\" \/><\/p>\n<\/div>\n<\/div><\/div><\/div><\/div><\/div>","protected":false},"excerpt":{"rendered":"<p>Kalite y\u00f6netim sistemimiz paralelinde i\u015fimizi s\u00fcrekli geli\u015ftirerek, \u00fcretim s\u00fcrecinde dayan\u0131kl\u0131 yang\u0131n kap\u0131lar\u0131n\u0131 size \u00f6nermekteyiz.<\/p>\n","protected":false},"author":1,"featured_media":1165,"parent":406,"menu_order":0,"comment_status":"closed","ping_status":"closed","template":"page-templates\/template-builder.php","meta":{"footnotes":""},"class_list":["post-408","page","type-page","status-publish","has-post-thumbnail","hentry"],"_links":{"self":[{"href":"https:\/\/akyolgroup.com.tr\/index.php\/wp-json\/wp\/v2\/pages\/408","targetHints":{"allow":["GET"]}}],"collection":[{"href":"https:\/\/akyolgroup.com.tr\/index.php\/wp-json\/wp\/v2\/pages"}],"about":[{"href":"https:\/\/akyolgroup.com.tr\/index.php\/wp-json\/wp\/v2\/types\/page"}],"author":[{"embeddable":true,"href":"https:\/\/akyolgroup.com.tr\/index.php\/wp-json\/wp\/v2\/users\/1"}],"replies":[{"embeddable":true,"href":"https:\/\/akyolgroup.com.tr\/index.php\/wp-json\/wp\/v2\/comments?post=408"}],"version-history":[{"count":20,"href":"https:\/\/akyolgroup.com.tr\/index.php\/wp-json\/wp\/v2\/pages\/408\/revisions"}],"predecessor-version":[{"id":1419,"href":"https:\/\/akyolgroup.com.tr\/index.php\/wp-json\/wp\/v2\/pages\/408\/revisions\/1419"}],"up":[{"embeddable":true,"href":"https:\/\/akyolgroup.com.tr\/index.php\/wp-json\/wp\/v2\/pages\/406"}],"wp:featuredmedia":[{"embeddable":true,"href":"https:\/\/akyolgroup.com.tr\/index.php\/wp-json\/wp\/v2\/media\/1165"}],"wp:attachment":[{"href":"https:\/\/akyolgroup.com.tr\/index.php\/wp-json\/wp\/v2\/media?parent=408"}],"curies":[{"name":"wp","href":"https:\/\/api.w.org\/{rel}","templated":true}]}}