{"id":354,"date":"2019-02-02T01:34:23","date_gmt":"2019-02-01T22:34:23","guid":{"rendered":"http:\/\/akyolgroup.com.tr\/?page_id=354"},"modified":"2024-11-19T07:17:25","modified_gmt":"2024-11-19T04:17:25","slug":"iletisim","status":"publish","type":"page","link":"https:\/\/akyolgroup.com.tr\/index.php\/iletisim\/","title":{"rendered":"\u0130leti\u015fim"},"content":{"rendered":"<div id=\"pl-354\"  class=\"panel-layout\" ><div id=\"pg-354-0\"  class=\"panel-grid panel-has-style\" ><div class=\"panel-row-style panel-row-style-for-354-0\" ><div id=\"pgc-354-0-0\"  class=\"panel-grid-cell\" ><div id=\"panel-354-0-0-0\" class=\"so-panel widget widget_sow-editor panel-first-child panel-last-child\" data-index=\"0\" ><div\n\t\t\t\n\t\t\tclass=\"so-widget-sow-editor so-widget-sow-editor-base\"\n\t\t\t\n\t\t>\n<div class=\"siteorigin-widget-tinymce textwidget\">\n\t<p><iframe loading=\"lazy\" src=\"https:\/\/www.google.com\/maps\/embed?pb=!1m14!1m8!1m3!1d6015.8355455691935!2d29.012171!3d41.07079!3m2!1i1024!2i768!4f13.1!3m3!1m2!1s0x14cab644d162341d%3A0xf818f3d98471d929!2zRXNlbnRlcGUgTWFoYWxsZXNpLCBNaXRoYXQgVWx1IMOcbmzDvCBTaywgMzQzOTQgxZ5pxZ9saS_EsHN0YW5idWw!5e0!3m2!1str!2str!4v1549060527432\" width=\"100%\" height=\"450\" frameborder=\"0\" style=\"border:0\" allowfullscreen><\/iframe><\/p>\n<\/div>\n<\/div><\/div><\/div><\/div><\/div><div id=\"pg-354-1\"  class=\"panel-grid panel-has-style\" ><div class=\"panel-row-style panel-row-style-for-354-1\" ><div id=\"pgc-354-1-0\"  class=\"panel-grid-cell\" ><div id=\"panel-354-1-0-0\" class=\"so-panel widget widget_sow-editor panel-first-child panel-last-child\" data-index=\"1\" ><div\n\t\t\t\n\t\t\tclass=\"so-widget-sow-editor so-widget-sow-editor-base\"\n\t\t\t\n\t\t>\n<div class=\"siteorigin-widget-tinymce textwidget\">\n\t<p>Akyol Group Emlak \u0130n\u015f. Sn. Tic. Ltd. \u015eti<br \/>\nTel &amp; Fax : 0212 801 60 50<br \/>\nGsm : 0533 359 73 73<br \/>\nE-Mail : info@akyolgroup.com.tr<br \/>\nAdres : Esentepe Mah. Mithat \u00dcnl\u00fc Sk. No:26\/9<br \/>\n\u015ei\u015fli - \u0130stanbul\/T\u00fcrkiye<\/p>\n<\/div>\n<\/div><\/div><\/div><div id=\"pgc-354-1-1\"  class=\"panel-grid-cell\" ><div id=\"panel-354-1-1-0\" class=\"so-panel widget widget_sow-editor panel-first-child panel-last-child\" data-index=\"2\" ><div\n\t\t\t\n\t\t\tclass=\"so-widget-sow-editor so-widget-sow-editor-base\"\n\t\t\t\n\t\t>\n<div class=\"siteorigin-widget-tinymce textwidget\">\n\t\n<div class=\"wpcf7 no-js\" id=\"wpcf7-f1590-o1\" lang=\"tr-TR\" dir=\"ltr\" data-wpcf7-id=\"1590\">\n<div class=\"screen-reader-response\"><p role=\"status\" aria-live=\"polite\" aria-atomic=\"true\"><\/p> <ul><\/ul><\/div>\n<form action=\"\/index.php\/wp-json\/wp\/v2\/pages\/354#wpcf7-f1590-o1\" method=\"post\" class=\"wpcf7-form init\" aria-label=\"\u0130leti\u015fim Formu\" novalidate=\"novalidate\" data-status=\"init\">\n<fieldset class=\"hidden-fields-container\"><input type=\"hidden\" name=\"_wpcf7\" value=\"1590\" \/><input type=\"hidden\" name=\"_wpcf7_version\" value=\"6.1.5\" \/><input type=\"hidden\" name=\"_wpcf7_locale\" value=\"tr_TR\" \/><input type=\"hidden\" name=\"_wpcf7_unit_tag\" value=\"wpcf7-f1590-o1\" \/><input type=\"hidden\" name=\"_wpcf7_container_post\" value=\"0\" \/><input type=\"hidden\" name=\"_wpcf7_posted_data_hash\" value=\"\" \/><input type=\"hidden\" name=\"_wpcf7_recaptcha_response\" value=\"\" \/>\n<\/fieldset>\n<p><label> Ad\u0131n\u0131z<br \/>\n<span class=\"wpcf7-form-control-wrap\" data-name=\"your-name\"><input size=\"40\" maxlength=\"400\" class=\"wpcf7-form-control wpcf7-text wpcf7-validates-as-required\" autocomplete=\"name\" aria-required=\"true\" aria-invalid=\"false\" value=\"\" type=\"text\" name=\"your-name\" \/><\/span> <\/label>\n<\/p>\n<p><label> E-posta adresiniz<br \/>\n<span class=\"wpcf7-form-control-wrap\" data-name=\"your-email\"><input size=\"40\" maxlength=\"400\" class=\"wpcf7-form-control wpcf7-email wpcf7-validates-as-required wpcf7-text wpcf7-validates-as-email\" autocomplete=\"email\" aria-required=\"true\" aria-invalid=\"false\" value=\"\" type=\"email\" name=\"your-email\" \/><\/span> <\/label>\n<\/p>\n<p><label> Konu<br \/>\n<span class=\"wpcf7-form-control-wrap\" data-name=\"your-subject\"><input size=\"40\" maxlength=\"400\" class=\"wpcf7-form-control wpcf7-text wpcf7-validates-as-required\" aria-required=\"true\" aria-invalid=\"false\" value=\"\" type=\"text\" name=\"your-subject\" \/><\/span> <\/label>\n<\/p>\n<p><label> \u0130letiniz (tercihe ba\u011fl\u0131)<br \/>\n<span class=\"wpcf7-form-control-wrap\" data-name=\"your-message\"><textarea cols=\"40\" rows=\"10\" maxlength=\"2000\" class=\"wpcf7-form-control wpcf7-textarea\" aria-invalid=\"false\" name=\"your-message\"><\/textarea><\/span> <\/label>\n<\/p>\n<p><input class=\"wpcf7-form-control wpcf7-submit has-spinner\" type=\"submit\" value=\"G\u00f6nder\" \/>\n<\/p><p style=\"display: none !important;\" class=\"akismet-fields-container\" data-prefix=\"_wpcf7_ak_\"><label>&#916;<textarea name=\"_wpcf7_ak_hp_textarea\" cols=\"45\" rows=\"8\" maxlength=\"100\"><\/textarea><\/label><input type=\"hidden\" id=\"ak_js_1\" name=\"_wpcf7_ak_js\" value=\"224\"\/><script>document.getElementById( \"ak_js_1\" ).setAttribute( \"value\", ( new Date() ).getTime() );<\/script><\/p><div class=\"wpcf7-response-output\" aria-hidden=\"true\"><\/div>\n<\/form>\n<\/div>\n\n<\/div>\n<\/div><\/div><\/div><\/div><\/div><\/div>","protected":false},"excerpt":{"rendered":"<p>Akyol Group Emlak \u0130n\u015f. Sn. Tic. Ltd. \u015eti Tel &amp; Fax : 0212 801 60 50 Gsm : 0533 359 73 73 E-Mail : info@akyolgroup.com.tr Adres : Esentepe Mah. Mithat \u00dcnl\u00fc Sk. No:26\/9 \u015ei\u015fli &#8211; \u0130stanbul\/T\u00fcrkiye<\/p>\n","protected":false},"author":1,"featured_media":0,"parent":0,"menu_order":0,"comment_status":"closed","ping_status":"closed","template":"","meta":{"footnotes":""},"class_list":["post-354","page","type-page","status-publish","hentry"],"_links":{"self":[{"href":"https:\/\/akyolgroup.com.tr\/index.php\/wp-json\/wp\/v2\/pages\/354","targetHints":{"allow":["GET"]}}],"collection":[{"href":"https:\/\/akyolgroup.com.tr\/index.php\/wp-json\/wp\/v2\/pages"}],"about":[{"href":"https:\/\/akyolgroup.com.tr\/index.php\/wp-json\/wp\/v2\/types\/page"}],"author":[{"embeddable":true,"href":"https:\/\/akyolgroup.com.tr\/index.php\/wp-json\/wp\/v2\/users\/1"}],"replies":[{"embeddable":true,"href":"https:\/\/akyolgroup.com.tr\/index.php\/wp-json\/wp\/v2\/comments?post=354"}],"version-history":[{"count":16,"href":"https:\/\/akyolgroup.com.tr\/index.php\/wp-json\/wp\/v2\/pages\/354\/revisions"}],"predecessor-version":[{"id":1591,"href":"https:\/\/akyolgroup.com.tr\/index.php\/wp-json\/wp\/v2\/pages\/354\/revisions\/1591"}],"wp:attachment":[{"href":"https:\/\/akyolgroup.com.tr\/index.php\/wp-json\/wp\/v2\/media?parent=354"}],"curies":[{"name":"wp","href":"https:\/\/api.w.org\/{rel}","templated":true}]}}