{"id":25,"date":"2018-04-24T08:31:20","date_gmt":"2018-04-24T08:31:20","guid":{"rendered":"http:\/\/demo.acmethemes.com\/construction-field-pro\/?page_id=25"},"modified":"2019-02-02T01:25:58","modified_gmt":"2019-02-01T22:25:58","slug":"hakkimizda","status":"publish","type":"page","link":"https:\/\/akyolgroup.com.tr\/index.php\/hakkimizda\/","title":{"rendered":"Hakk\u0131m\u0131zda"},"content":{"rendered":"<div id=\"pl-25\"  class=\"panel-layout\" ><div id=\"pg-25-0\"  class=\"panel-grid panel-no-style\" ><div id=\"pgc-25-0-0\"  class=\"panel-grid-cell\" ><div id=\"panel-25-0-0-0\" class=\"so-panel widget widget_media_image panel-first-child\" data-index=\"0\" ><img loading=\"lazy\" decoding=\"async\" width=\"1920\" height=\"500\" src=\"https:\/\/akyolgroup.com.tr\/wp-content\/uploads\/2018\/04\/headerimage.jpg\" class=\"image wp-image-225  attachment-full size-full\" alt=\"\" style=\"max-width: 100%; height: auto;\" srcset=\"https:\/\/akyolgroup.com.tr\/wp-content\/uploads\/2018\/04\/headerimage.jpg 1920w, https:\/\/akyolgroup.com.tr\/wp-content\/uploads\/2018\/04\/headerimage-300x78.jpg 300w, https:\/\/akyolgroup.com.tr\/wp-content\/uploads\/2018\/04\/headerimage-768x200.jpg 768w, https:\/\/akyolgroup.com.tr\/wp-content\/uploads\/2018\/04\/headerimage-1024x267.jpg 1024w\" sizes=\"auto, (max-width: 1920px) 100vw, 1920px\" \/><\/div><div id=\"panel-25-0-0-1\" class=\"so-panel widget widget_construction_field_about panel-last-child\" data-index=\"1\" >            <section id=\"construction_field_about-1\" class=\"at-widgets acme-abouts \">\r\n                <div class=\"container\">\r\n\t\t\t\t\t                    <div class=\"row\">\r\n\t\t\t\t\t\t                                    <div class=\"single-list col-sm-12 col-md-4 column\">\r\n                                        <div class=\"single-item init-animate zoomIn\">\r\n                                            <div class=\"icon clearfix\">\r\n\t\t\t\t\t\t\t\t\t\t\t\t                                                    <a href=\"https:\/\/akyolgroup.com.tr\/index.php\/hakkimizda\/vizyonumuz\/\" class=\"all-link\">\r\n                                                        <i class=\"fa fa-check\"><\/i>\r\n                                                    <\/a>\r\n\t\t\t\t\t\t\t\t\t\t\t\t\t                                            <\/div>\r\n                                            <h3 class=\"title\">\r\n                                                <a title=\"Vizyonumuz\" href=\"https:\/\/akyolgroup.com.tr\/index.php\/hakkimizda\/vizyonumuz\/\">\r\n\t\t\t                                        Vizyonumuz                                                <\/a>\r\n                                            <\/h3>\r\n                                            <div class=\"content\">\r\n                                                <div class=\"details\">\r\n\t\t\t                                        <p>Yapt\u0131\u011f\u0131m\u0131z i\u015fin kalitesinden, m\u00fc\u015fteri odakl\u0131l\u0131\u011f\u0131m\u0131zdan, g\u00fcvenilirli\u011fimizden ve olu\u015fturmu\u015f oldu\u011fumuz hakkaniyet felsefelerinden \u00f6d\u00fcn vermeden \u00e7al\u0131\u015fmalar yapmak, yapt\u0131\u011f\u0131m\u0131z \u00e7al\u0131\u015fmalar\u0131 i\u00e7 ve di\u015f m\u00fc\u015fterilerimizle payla\u015fmak misyonumuzdur.<\/p>\n                                                <\/div>\r\n                                            <\/div>\r\n                                        <\/div>\r\n                                    <\/div>\r\n\t\t\t\t\t\t\t\t\t                                    <div class=\"single-list col-sm-12 col-md-4 column\">\r\n                                        <div class=\"single-item init-animate zoomIn\">\r\n                                            <div class=\"icon clearfix\">\r\n\t\t\t\t\t\t\t\t\t\t\t\t                                                    <a href=\"https:\/\/akyolgroup.com.tr\/index.php\/hakkimizda\/misyonumuz\/\" class=\"all-link\">\r\n                                                        <i class=\"fa fa-check\"><\/i>\r\n                                                    <\/a>\r\n\t\t\t\t\t\t\t\t\t\t\t\t\t                                            <\/div>\r\n                                            <h3 class=\"title\">\r\n                                                <a title=\"Misyonumuz\" href=\"https:\/\/akyolgroup.com.tr\/index.php\/hakkimizda\/misyonumuz\/\">\r\n\t\t\t                                        Misyonumuz                                                <\/a>\r\n                                            <\/h3>\r\n                                            <div class=\"content\">\r\n                                                <div class=\"details\">\r\n\t\t\t                                        <p>Sekt\u00f6rde ortaya koymu\u015f oldu\u011fumuz g\u00fcvenirlili\u011fi ve geli\u015fmeye a\u00e7\u0131k olan yap\u0131m\u0131zla, i\u00e7 ve di\u015f m\u00fc\u015fterilerimizin memnuniyetini s\u00fcrekli geli\u015ftirerek reel b\u00fcy\u00fcme h\u0131z\u0131yla yap\u0131lanarak kurumsal devaml\u0131l\u0131\u011f\u0131m\u0131z\u0131 sa\u011flamak vizyonumuzdur.<\/p>\n                                                <\/div>\r\n                                            <\/div>\r\n                                        <\/div>\r\n                                    <\/div>\r\n\t\t\t\t\t\t\t\t\t                                    <div class=\"single-list col-sm-12 col-md-4 column\">\r\n                                        <div class=\"single-item init-animate zoomIn\">\r\n                                            <div class=\"icon clearfix\">\r\n\t\t\t\t\t\t\t\t\t\t\t\t                                                    <a href=\"https:\/\/akyolgroup.com.tr\/index.php\/hakkimizda\/kalite-politikamiz\/\" class=\"all-link\">\r\n                                                        <i class=\"fa fa-check\"><\/i>\r\n                                                    <\/a>\r\n\t\t\t\t\t\t\t\t\t\t\t\t\t                                            <\/div>\r\n                                            <h3 class=\"title\">\r\n                                                <a title=\"Kalite Politikam\u0131z\" href=\"https:\/\/akyolgroup.com.tr\/index.php\/hakkimizda\/kalite-politikamiz\/\">\r\n\t\t\t                                        Kalite Politikam\u0131z                                                <\/a>\r\n                                            <\/h3>\r\n                                            <div class=\"content\">\r\n                                                <div class=\"details\">\r\n\t\t\t                                        <p>\u00dcr\u00fcnlerimiz Uluslararas\u0131 ge\u00e7erlilik sertifikas\u0131na sahiptir.<\/p>\n                                                <\/div>\r\n                                            <\/div>\r\n                                        <\/div>\r\n                                    <\/div>\r\n\t\t\t\t\t\t\t\t\t                    <\/div><!--row-->\r\n                <\/div><!--cointainer-->\r\n            <\/section>\r\n\t\t\t<\/div><\/div><\/div><\/div>","protected":false},"excerpt":{"rendered":"<p>Vizyonumuz Yapt\u0131\u011f\u0131m\u0131z i\u015fin kalitesinden, m\u00fc\u015fteri odakl\u0131l\u0131\u011f\u0131m\u0131zdan, g\u00fcvenilirli\u011fimizden ve olu\u015fturmu\u015f oldu\u011fumuz hakkaniyet felsefelerinden \u00f6d\u00fcn vermeden \u00e7al\u0131\u015fmalar yapmak, yapt\u0131\u011f\u0131m\u0131z \u00e7al\u0131\u015fmalar\u0131 i\u00e7 ve di\u015f m\u00fc\u015fterilerimizle payla\u015fmak misyonumuzdur. Misyonumuz Sekt\u00f6rde ortaya koymu\u015f oldu\u011fumuz g\u00fcvenirlili\u011fi ve geli\u015fmeye a\u00e7\u0131k olan yap\u0131m\u0131zla, i\u00e7 ve di\u015f m\u00fc\u015fterilerimizin memnuniyetini s\u00fcrekli geli\u015ftirerek reel b\u00fcy\u00fcme h\u0131z\u0131yla yap\u0131lanarak kurumsal devaml\u0131l\u0131\u011f\u0131m\u0131z\u0131 sa\u011flamak vizyonumuzdur. Kalite Politikam\u0131z \u00dcr\u00fcnlerimiz Uluslararas\u0131 ge\u00e7erlilik [&hellip;]<\/p>\n","protected":false},"author":1,"featured_media":0,"parent":0,"menu_order":0,"comment_status":"closed","ping_status":"closed","template":"page-templates\/template-builder.php","meta":{"footnotes":""},"class_list":["post-25","page","type-page","status-publish","hentry"],"_links":{"self":[{"href":"https:\/\/akyolgroup.com.tr\/index.php\/wp-json\/wp\/v2\/pages\/25","targetHints":{"allow":["GET"]}}],"collection":[{"href":"https:\/\/akyolgroup.com.tr\/index.php\/wp-json\/wp\/v2\/pages"}],"about":[{"href":"https:\/\/akyolgroup.com.tr\/index.php\/wp-json\/wp\/v2\/types\/page"}],"author":[{"embeddable":true,"href":"https:\/\/akyolgroup.com.tr\/index.php\/wp-json\/wp\/v2\/users\/1"}],"replies":[{"embeddable":true,"href":"https:\/\/akyolgroup.com.tr\/index.php\/wp-json\/wp\/v2\/comments?post=25"}],"version-history":[{"count":4,"href":"https:\/\/akyolgroup.com.tr\/index.php\/wp-json\/wp\/v2\/pages\/25\/revisions"}],"predecessor-version":[{"id":349,"href":"https:\/\/akyolgroup.com.tr\/index.php\/wp-json\/wp\/v2\/pages\/25\/revisions\/349"}],"wp:attachment":[{"href":"https:\/\/akyolgroup.com.tr\/index.php\/wp-json\/wp\/v2\/media?parent=25"}],"curies":[{"name":"wp","href":"https:\/\/api.w.org\/{rel}","templated":true}]}}