{"id":1075,"date":"2019-02-03T22:48:19","date_gmt":"2019-02-03T19:48:19","guid":{"rendered":"http:\/\/akyolgroup.com.tr\/?page_id=1075"},"modified":"2019-02-04T00:14:37","modified_gmt":"2019-02-03T21:14:37","slug":"exlusiv-3d-serisi","status":"publish","type":"page","link":"https:\/\/akyolgroup.com.tr\/index.php\/urunler\/dis-mekan-kapisi\/exclusiv-seri\/exlusiv-3d-serisi\/","title":{"rendered":"Exlusiv 3D Serisi"},"content":{"rendered":"<div id=\"pl-1075\"  class=\"panel-layout\" ><div id=\"pg-1075-0\"  class=\"panel-grid panel-has-style\" ><div class=\"panel-row-style panel-row-style-for-1075-0\" ><div id=\"pgc-1075-0-0\"  class=\"panel-grid-cell\" ><div id=\"panel-1075-0-0-0\" class=\"so-panel widget widget_sow-editor panel-first-child panel-last-child\" data-index=\"0\" ><div\n\t\t\t\n\t\t\tclass=\"so-widget-sow-editor so-widget-sow-editor-base\"\n\t\t\t\n\t\t>\n<div class=\"siteorigin-widget-tinymce textwidget\">\n\t<p><img loading=\"lazy\" decoding=\"async\" class=\"aligncenter wp-image-894\" src=\"http:\/\/akyolgroup.com.tr\/wp-content\/uploads\/2019\/02\/Inotherm_Aluminium_Haustueren.jpg\" alt=\"\" width=\"1150\" height=\"469\" srcset=\"https:\/\/akyolgroup.com.tr\/wp-content\/uploads\/2019\/02\/Inotherm_Aluminium_Haustueren.jpg 709w, https:\/\/akyolgroup.com.tr\/wp-content\/uploads\/2019\/02\/Inotherm_Aluminium_Haustueren-300x122.jpg 300w\" sizes=\"auto, (max-width: 1150px) 100vw, 1150px\" \/><\/p>\n<\/div>\n<\/div><\/div><\/div><\/div><\/div><div id=\"pg-1075-1\"  class=\"panel-grid panel-has-style\" ><div class=\"panel-row-style panel-row-style-for-1075-1\" ><div id=\"pgc-1075-1-0\"  class=\"panel-grid-cell\" ><div id=\"panel-1075-1-0-0\" class=\"so-panel widget widget_sow-editor panel-first-child panel-last-child\" data-index=\"1\" ><div\n\t\t\t\n\t\t\tclass=\"so-widget-sow-editor so-widget-sow-editor-base\"\n\t\t\t\n\t\t>\n<div class=\"siteorigin-widget-tinymce textwidget\">\n\t<h3>Sade dokunu\u015flar ve pratik bir zariflik<\/h3>\n<p class=\"space-top\">Sadece hayal g\u00fcc\u00fcn\u00fcz ve dekorasyon zevkinize hitap eden, tasar\u0131m\u0131n\u0131 sadelikle b\u00fct\u00fcnle\u015ftiren Exlusiv 3D Serisi,<br \/>\nsizi kendine hayran b\u0131rakacak. Bir kap\u0131dan ziyade dekorasyonunuzun tamamlay\u0131c\u0131 unsuru olan<br \/>\nExlusiv 3D\u00a0 serisi sizi sadeli\u011fe davet ediyor.<\/p>\n<\/div>\n<\/div><\/div><\/div><div id=\"pgc-1075-1-1\"  class=\"panel-grid-cell\" ><div id=\"panel-1075-1-1-0\" class=\"so-panel widget widget_sow-editor panel-first-child panel-last-child\" data-index=\"2\" ><div\n\t\t\t\n\t\t\tclass=\"so-widget-sow-editor so-widget-sow-editor-base\"\n\t\t\t\n\t\t>\n<div class=\"siteorigin-widget-tinymce textwidget\">\n\t<p><img loading=\"lazy\" decoding=\"async\" class=\"aligncenter size-full wp-image-859\" src=\"http:\/\/akyolgroup.com.tr\/wp-content\/uploads\/2019\/02\/inotherm_detail_steklo.jpg\" alt=\"\" width=\"672\" height=\"448\" srcset=\"https:\/\/akyolgroup.com.tr\/wp-content\/uploads\/2019\/02\/inotherm_detail_steklo.jpg 672w, https:\/\/akyolgroup.com.tr\/wp-content\/uploads\/2019\/02\/inotherm_detail_steklo-300x200.jpg 300w, https:\/\/akyolgroup.com.tr\/wp-content\/uploads\/2019\/02\/inotherm_detail_steklo-272x182.jpg 272w\" sizes=\"auto, (max-width: 672px) 100vw, 672px\" \/><\/p>\n<\/div>\n<\/div><\/div><\/div><\/div><\/div><div id=\"pg-1075-2\"  class=\"panel-grid panel-has-style\" ><div class=\"panel-row-style panel-row-style-for-1075-2\" ><div id=\"pgc-1075-2-0\"  class=\"panel-grid-cell\" ><div id=\"panel-1075-2-0-0\" class=\"so-panel widget widget_sow-image panel-first-child\" data-index=\"3\" ><div\n\t\t\t\n\t\t\tclass=\"so-widget-sow-image so-widget-sow-image-default-8b5b6f678277-1075\"\n\t\t\t\n\t\t>\n<div class=\"sow-image-container\">\n\t\t\t<a href=\"http:\/\/akyolgroup.com.tr\/index.php\/urunler\/dis-mekan-kapisi\/exclusiv-seri\/exlusiv-3d-serisi\/aa-200\/\"\n\t\t\t\t\t>\n\t\t\t<img \n\tsrc=\"https:\/\/akyolgroup.com.tr\/wp-content\/uploads\/2019\/02\/AA-200.jpg\" width=\"800\" height=\"1000\" srcset=\"https:\/\/akyolgroup.com.tr\/wp-content\/uploads\/2019\/02\/AA-200.jpg 800w, https:\/\/akyolgroup.com.tr\/wp-content\/uploads\/2019\/02\/AA-200-240x300.jpg 240w, https:\/\/akyolgroup.com.tr\/wp-content\/uploads\/2019\/02\/AA-200-768x960.jpg 768w\" sizes=\"(max-width: 800px) 100vw, 800px\" alt=\"\" \t\tclass=\"so-widget-image\"\/>\n\t\t\t<\/a><\/div>\n\n<\/div><\/div><div id=\"panel-1075-2-0-1\" class=\"so-panel widget widget_sow-button panel-last-child\" data-index=\"4\" ><div\n\t\t\t\n\t\t\tclass=\"so-widget-sow-button so-widget-sow-button-atom-bb13d0f132cd-1075\"\n\t\t\t\n\t\t><div class=\"ow-button-base ow-button-align-center\"\n>\n\t\t\t<a\n\t\t\t\t\thref=\"http:\/\/akyolgroup.com.tr\/index.php\/urunler\/dis-mekan-kapisi\/exclusiv-seri\/exlusiv-3d-serisi\/aa-200\/\"\n\t\t\t\t\tclass=\"sowb-button ow-icon-placement-left ow-button-hover\" \t>\n\t\t<span>\n\t\t\t\n\t\t\tAA 200\t\t<\/span>\n\t\t\t<\/a>\n\t<\/div>\n<\/div><\/div><\/div><div id=\"pgc-1075-2-1\"  class=\"panel-grid-cell\" ><div id=\"panel-1075-2-1-0\" class=\"so-panel widget widget_sow-image panel-first-child\" data-index=\"5\" ><div\n\t\t\t\n\t\t\tclass=\"so-widget-sow-image so-widget-sow-image-default-8b5b6f678277-1075\"\n\t\t\t\n\t\t>\n<div class=\"sow-image-container\">\n\t\t\t<a href=\"http:\/\/akyolgroup.com.tr\/index.php\/urunler\/dis-mekan-kapisi\/exclusiv-seri\/exlusiv-3d-serisi\/aa-207\/\"\n\t\t\t\t\t>\n\t\t\t<img \n\tsrc=\"https:\/\/akyolgroup.com.tr\/wp-content\/uploads\/2019\/02\/AA-207.jpg\" width=\"800\" height=\"1000\" srcset=\"https:\/\/akyolgroup.com.tr\/wp-content\/uploads\/2019\/02\/AA-207.jpg 800w, https:\/\/akyolgroup.com.tr\/wp-content\/uploads\/2019\/02\/AA-207-240x300.jpg 240w, https:\/\/akyolgroup.com.tr\/wp-content\/uploads\/2019\/02\/AA-207-768x960.jpg 768w\" sizes=\"(max-width: 800px) 100vw, 800px\" alt=\"\" \t\tclass=\"so-widget-image\"\/>\n\t\t\t<\/a><\/div>\n\n<\/div><\/div><div id=\"panel-1075-2-1-1\" class=\"so-panel widget widget_sow-button panel-last-child\" data-index=\"6\" ><div\n\t\t\t\n\t\t\tclass=\"so-widget-sow-button so-widget-sow-button-atom-bb13d0f132cd-1075\"\n\t\t\t\n\t\t><div class=\"ow-button-base ow-button-align-center\"\n>\n\t\t\t<a\n\t\t\t\t\thref=\"http:\/\/akyolgroup.com.tr\/index.php\/urunler\/dis-mekan-kapisi\/exclusiv-seri\/exlusiv-3d-serisi\/aa-207\/\"\n\t\t\t\t\tclass=\"sowb-button ow-icon-placement-left ow-button-hover\" \t>\n\t\t<span>\n\t\t\t\n\t\t\tAA 207\t\t<\/span>\n\t\t\t<\/a>\n\t<\/div>\n<\/div><\/div><\/div><div id=\"pgc-1075-2-2\"  class=\"panel-grid-cell\" ><div id=\"panel-1075-2-2-0\" class=\"so-panel widget widget_sow-image panel-first-child\" data-index=\"7\" ><div\n\t\t\t\n\t\t\tclass=\"so-widget-sow-image so-widget-sow-image-default-8b5b6f678277-1075\"\n\t\t\t\n\t\t>\n<div class=\"sow-image-container\">\n\t\t\t<a href=\"http:\/\/akyolgroup.com.tr\/index.php\/urunler\/dis-mekan-kapisi\/exclusiv-seri\/exlusiv-3d-serisi\/aa-221\/\"\n\t\t\t\t\t>\n\t\t\t<img \n\tsrc=\"https:\/\/akyolgroup.com.tr\/wp-content\/uploads\/2019\/02\/AA-221.jpg\" width=\"800\" height=\"1000\" srcset=\"https:\/\/akyolgroup.com.tr\/wp-content\/uploads\/2019\/02\/AA-221.jpg 800w, https:\/\/akyolgroup.com.tr\/wp-content\/uploads\/2019\/02\/AA-221-240x300.jpg 240w, https:\/\/akyolgroup.com.tr\/wp-content\/uploads\/2019\/02\/AA-221-768x960.jpg 768w\" sizes=\"(max-width: 800px) 100vw, 800px\" alt=\"\" \t\tclass=\"so-widget-image\"\/>\n\t\t\t<\/a><\/div>\n\n<\/div><\/div><div id=\"panel-1075-2-2-1\" class=\"so-panel widget widget_sow-button panel-last-child\" data-index=\"8\" ><div\n\t\t\t\n\t\t\tclass=\"so-widget-sow-button so-widget-sow-button-atom-bb13d0f132cd-1075\"\n\t\t\t\n\t\t><div class=\"ow-button-base ow-button-align-center\"\n>\n\t\t\t<a\n\t\t\t\t\thref=\"http:\/\/akyolgroup.com.tr\/index.php\/urunler\/dis-mekan-kapisi\/exclusiv-seri\/exlusiv-3d-serisi\/aa-221\/\"\n\t\t\t\t\tclass=\"sowb-button ow-icon-placement-left ow-button-hover\" \t>\n\t\t<span>\n\t\t\t\n\t\t\tAA 221\t\t<\/span>\n\t\t\t<\/a>\n\t<\/div>\n<\/div><\/div><\/div><\/div><\/div><div id=\"pg-1075-3\"  class=\"panel-grid panel-has-style\" ><div class=\"panel-row-style panel-row-style-for-1075-3\" ><div id=\"pgc-1075-3-0\"  class=\"panel-grid-cell\" ><div id=\"panel-1075-3-0-0\" class=\"so-panel widget widget_sow-image panel-first-child\" data-index=\"9\" ><div\n\t\t\t\n\t\t\tclass=\"so-widget-sow-image so-widget-sow-image-default-8b5b6f678277-1075\"\n\t\t\t\n\t\t>\n<div class=\"sow-image-container\">\n\t\t\t<a href=\"http:\/\/akyolgroup.com.tr\/index.php\/urunler\/dis-mekan-kapisi\/exclusiv-seri\/exlusiv-3d-serisi\/aa-226\/\"\n\t\t\t\t\t>\n\t\t\t<img \n\tsrc=\"https:\/\/akyolgroup.com.tr\/wp-content\/uploads\/2019\/02\/AA-226.jpg\" width=\"800\" height=\"1000\" srcset=\"https:\/\/akyolgroup.com.tr\/wp-content\/uploads\/2019\/02\/AA-226.jpg 800w, https:\/\/akyolgroup.com.tr\/wp-content\/uploads\/2019\/02\/AA-226-240x300.jpg 240w, https:\/\/akyolgroup.com.tr\/wp-content\/uploads\/2019\/02\/AA-226-768x960.jpg 768w\" sizes=\"(max-width: 800px) 100vw, 800px\" alt=\"\" \t\tclass=\"so-widget-image\"\/>\n\t\t\t<\/a><\/div>\n\n<\/div><\/div><div id=\"panel-1075-3-0-1\" class=\"so-panel widget widget_sow-button panel-last-child\" data-index=\"10\" ><div\n\t\t\t\n\t\t\tclass=\"so-widget-sow-button so-widget-sow-button-atom-bb13d0f132cd-1075\"\n\t\t\t\n\t\t><div class=\"ow-button-base ow-button-align-center\"\n>\n\t\t\t<a\n\t\t\t\t\thref=\"http:\/\/akyolgroup.com.tr\/index.php\/urunler\/dis-mekan-kapisi\/exclusiv-seri\/exlusiv-3d-serisi\/aa-226\/\"\n\t\t\t\t\tclass=\"sowb-button ow-icon-placement-left ow-button-hover\" \t>\n\t\t<span>\n\t\t\t\n\t\t\tAA 226\t\t<\/span>\n\t\t\t<\/a>\n\t<\/div>\n<\/div><\/div><\/div><div id=\"pgc-1075-3-1\"  class=\"panel-grid-cell\" ><div id=\"panel-1075-3-1-0\" class=\"so-panel widget widget_sow-image panel-first-child\" data-index=\"11\" ><div\n\t\t\t\n\t\t\tclass=\"so-widget-sow-image so-widget-sow-image-default-8b5b6f678277-1075\"\n\t\t\t\n\t\t>\n<div class=\"sow-image-container\">\n\t\t\t<a href=\"http:\/\/akyolgroup.com.tr\/index.php\/urunler\/dis-mekan-kapisi\/exclusiv-seri\/exlusiv-3d-serisi\/aa-227\/\"\n\t\t\t\t\t>\n\t\t\t<img \n\tsrc=\"https:\/\/akyolgroup.com.tr\/wp-content\/uploads\/2019\/02\/AA-227.jpg\" width=\"800\" height=\"1000\" srcset=\"https:\/\/akyolgroup.com.tr\/wp-content\/uploads\/2019\/02\/AA-227.jpg 800w, https:\/\/akyolgroup.com.tr\/wp-content\/uploads\/2019\/02\/AA-227-240x300.jpg 240w, https:\/\/akyolgroup.com.tr\/wp-content\/uploads\/2019\/02\/AA-227-768x960.jpg 768w\" sizes=\"(max-width: 800px) 100vw, 800px\" alt=\"\" \t\tclass=\"so-widget-image\"\/>\n\t\t\t<\/a><\/div>\n\n<\/div><\/div><div id=\"panel-1075-3-1-1\" class=\"so-panel widget widget_sow-button panel-last-child\" data-index=\"12\" ><div\n\t\t\t\n\t\t\tclass=\"so-widget-sow-button so-widget-sow-button-atom-bb13d0f132cd-1075\"\n\t\t\t\n\t\t><div class=\"ow-button-base ow-button-align-center\"\n>\n\t\t\t<a\n\t\t\t\t\thref=\"http:\/\/akyolgroup.com.tr\/index.php\/urunler\/dis-mekan-kapisi\/exclusiv-seri\/exlusiv-3d-serisi\/aa-227\/\"\n\t\t\t\t\tclass=\"sowb-button ow-icon-placement-left ow-button-hover\" \t>\n\t\t<span>\n\t\t\t\n\t\t\tAA 227\t\t<\/span>\n\t\t\t<\/a>\n\t<\/div>\n<\/div><\/div><\/div><div id=\"pgc-1075-3-2\"  class=\"panel-grid-cell\" ><div id=\"panel-1075-3-2-0\" class=\"so-panel widget widget_sow-image panel-first-child\" data-index=\"13\" ><div\n\t\t\t\n\t\t\tclass=\"so-widget-sow-image so-widget-sow-image-default-8b5b6f678277-1075\"\n\t\t\t\n\t\t>\n<div class=\"sow-image-container\">\n\t\t\t<a href=\"http:\/\/akyolgroup.com.tr\/index.php\/urunler\/dis-mekan-kapisi\/exclusiv-seri\/exlusiv-3d-serisi\/aa-232\/\"\n\t\t\t\t\t>\n\t\t\t<img \n\tsrc=\"https:\/\/akyolgroup.com.tr\/wp-content\/uploads\/2019\/02\/AA-232.jpg\" width=\"800\" height=\"1000\" srcset=\"https:\/\/akyolgroup.com.tr\/wp-content\/uploads\/2019\/02\/AA-232.jpg 800w, https:\/\/akyolgroup.com.tr\/wp-content\/uploads\/2019\/02\/AA-232-240x300.jpg 240w, https:\/\/akyolgroup.com.tr\/wp-content\/uploads\/2019\/02\/AA-232-768x960.jpg 768w\" sizes=\"(max-width: 800px) 100vw, 800px\" alt=\"\" \t\tclass=\"so-widget-image\"\/>\n\t\t\t<\/a><\/div>\n\n<\/div><\/div><div id=\"panel-1075-3-2-1\" class=\"so-panel widget widget_sow-button panel-last-child\" data-index=\"14\" ><div\n\t\t\t\n\t\t\tclass=\"so-widget-sow-button so-widget-sow-button-atom-bb13d0f132cd-1075\"\n\t\t\t\n\t\t><div class=\"ow-button-base ow-button-align-center\"\n>\n\t\t\t<a\n\t\t\t\t\thref=\"http:\/\/akyolgroup.com.tr\/index.php\/urunler\/dis-mekan-kapisi\/exclusiv-seri\/exlusiv-3d-serisi\/aa-232\/\"\n\t\t\t\t\tclass=\"sowb-button ow-icon-placement-left ow-button-hover\" \t>\n\t\t<span>\n\t\t\t\n\t\t\tAA 232\t\t<\/span>\n\t\t\t<\/a>\n\t<\/div>\n<\/div><\/div><\/div><\/div><\/div><\/div>","protected":false},"excerpt":{"rendered":"<p>Sade dokunu\u015flar ve pratik bir zariflik Sadece hayal g\u00fcc\u00fcn\u00fcz ve dekorasyon zevkinize hitap eden, tasar\u0131m\u0131n\u0131 sadelikle b\u00fct\u00fcnle\u015ftiren Exlusiv 3D Serisi, sizi kendine hayran b\u0131rakacak. Bir kap\u0131dan ziyade dekorasyonunuzun tamamlay\u0131c\u0131 unsuru olan Exlusiv 3D\u00a0 serisi sizi sadeli\u011fe davet ediyor.<\/p>\n","protected":false},"author":1,"featured_media":1091,"parent":877,"menu_order":0,"comment_status":"closed","ping_status":"closed","template":"page-templates\/template-builder.php","meta":{"footnotes":""},"class_list":["post-1075","page","type-page","status-publish","has-post-thumbnail","hentry"],"_links":{"self":[{"href":"https:\/\/akyolgroup.com.tr\/index.php\/wp-json\/wp\/v2\/pages\/1075","targetHints":{"allow":["GET"]}}],"collection":[{"href":"https:\/\/akyolgroup.com.tr\/index.php\/wp-json\/wp\/v2\/pages"}],"about":[{"href":"https:\/\/akyolgroup.com.tr\/index.php\/wp-json\/wp\/v2\/types\/page"}],"author":[{"embeddable":true,"href":"https:\/\/akyolgroup.com.tr\/index.php\/wp-json\/wp\/v2\/users\/1"}],"replies":[{"embeddable":true,"href":"https:\/\/akyolgroup.com.tr\/index.php\/wp-json\/wp\/v2\/comments?post=1075"}],"version-history":[{"count":16,"href":"https:\/\/akyolgroup.com.tr\/index.php\/wp-json\/wp\/v2\/pages\/1075\/revisions"}],"predecessor-version":[{"id":1120,"href":"https:\/\/akyolgroup.com.tr\/index.php\/wp-json\/wp\/v2\/pages\/1075\/revisions\/1120"}],"up":[{"embeddable":true,"href":"https:\/\/akyolgroup.com.tr\/index.php\/wp-json\/wp\/v2\/pages\/877"}],"wp:featuredmedia":[{"embeddable":true,"href":"https:\/\/akyolgroup.com.tr\/index.php\/wp-json\/wp\/v2\/media\/1091"}],"wp:attachment":[{"href":"https:\/\/akyolgroup.com.tr\/index.php\/wp-json\/wp\/v2\/media?parent=1075"}],"curies":[{"name":"wp","href":"https:\/\/api.w.org\/{rel}","templated":true}]}}