{"id":1028,"date":"2019-02-03T22:16:05","date_gmt":"2019-02-03T19:16:05","guid":{"rendered":"http:\/\/akyolgroup.com.tr\/?page_id=1028"},"modified":"2019-02-04T00:28:35","modified_gmt":"2019-02-03T21:28:35","slug":"at-serisi","status":"publish","type":"page","link":"https:\/\/akyolgroup.com.tr\/index.php\/urunler\/dis-mekan-kapisi\/exclusiv-seri\/at-serisi\/","title":{"rendered":"AT Serisi"},"content":{"rendered":"<div id=\"pl-1028\"  class=\"panel-layout\" ><div id=\"pg-1028-0\"  class=\"panel-grid panel-has-style\" ><div class=\"panel-row-style panel-row-style-for-1028-0\" ><div id=\"pgc-1028-0-0\"  class=\"panel-grid-cell\" ><div id=\"panel-1028-0-0-0\" class=\"so-panel widget widget_sow-editor panel-first-child panel-last-child\" data-index=\"0\" ><div\n\t\t\t\n\t\t\tclass=\"so-widget-sow-editor so-widget-sow-editor-base\"\n\t\t\t\n\t\t>\n<div class=\"siteorigin-widget-tinymce textwidget\">\n\t<p><img loading=\"lazy\" decoding=\"async\" class=\"aligncenter wp-image-894\" src=\"http:\/\/akyolgroup.com.tr\/wp-content\/uploads\/2019\/02\/Inotherm_Aluminium_Haustueren.jpg\" alt=\"\" width=\"1150\" height=\"469\" srcset=\"https:\/\/akyolgroup.com.tr\/wp-content\/uploads\/2019\/02\/Inotherm_Aluminium_Haustueren.jpg 709w, https:\/\/akyolgroup.com.tr\/wp-content\/uploads\/2019\/02\/Inotherm_Aluminium_Haustueren-300x122.jpg 300w\" sizes=\"auto, (max-width: 1150px) 100vw, 1150px\" \/><\/p>\n<\/div>\n<\/div><\/div><\/div><\/div><\/div><div id=\"pg-1028-1\"  class=\"panel-grid panel-has-style\" ><div class=\"panel-row-style panel-row-style-for-1028-1\" ><div id=\"pgc-1028-1-0\"  class=\"panel-grid-cell\" ><div id=\"panel-1028-1-0-0\" class=\"so-panel widget widget_sow-editor panel-first-child panel-last-child\" data-index=\"1\" ><div\n\t\t\t\n\t\t\tclass=\"so-widget-sow-editor so-widget-sow-editor-base\"\n\t\t\t\n\t\t>\n<div class=\"siteorigin-widget-tinymce textwidget\">\n\t<h3>Sade dokunu\u015flar ve pratik bir zariflik<\/h3>\n<p class=\"space-top\">Sadece hayal g\u00fcc\u00fcn\u00fcz ve dekorasyon zevkinize hitap eden, tasar\u0131m\u0131n\u0131 sadelikle b\u00fct\u00fcnle\u015ftiren AG Serisi,<br \/>\nsizi kendine hayran b\u0131rakacak. Bir kap\u0131dan ziyade dekorasyonunuzun tamamlay\u0131c\u0131 unsuru olan<br \/>\nAG serisi sizi sadeli\u011fe davet ediyor.<\/p>\n<\/div>\n<\/div><\/div><\/div><div id=\"pgc-1028-1-1\"  class=\"panel-grid-cell\" ><div id=\"panel-1028-1-1-0\" class=\"so-panel widget widget_sow-editor panel-first-child panel-last-child\" data-index=\"2\" ><div\n\t\t\t\n\t\t\tclass=\"so-widget-sow-editor so-widget-sow-editor-base\"\n\t\t\t\n\t\t>\n<div class=\"siteorigin-widget-tinymce textwidget\">\n\t<p><img loading=\"lazy\" decoding=\"async\" class=\"aligncenter size-full wp-image-859\" src=\"http:\/\/akyolgroup.com.tr\/wp-content\/uploads\/2019\/02\/inotherm_detail_steklo.jpg\" alt=\"\" width=\"672\" height=\"448\" srcset=\"https:\/\/akyolgroup.com.tr\/wp-content\/uploads\/2019\/02\/inotherm_detail_steklo.jpg 672w, https:\/\/akyolgroup.com.tr\/wp-content\/uploads\/2019\/02\/inotherm_detail_steklo-300x200.jpg 300w, https:\/\/akyolgroup.com.tr\/wp-content\/uploads\/2019\/02\/inotherm_detail_steklo-272x182.jpg 272w\" sizes=\"auto, (max-width: 672px) 100vw, 672px\" \/><\/p>\n<\/div>\n<\/div><\/div><\/div><\/div><\/div><div id=\"pg-1028-2\"  class=\"panel-grid panel-has-style\" ><div class=\"panel-row-style panel-row-style-for-1028-2\" ><div id=\"pgc-1028-2-0\"  class=\"panel-grid-cell\" ><div id=\"panel-1028-2-0-0\" class=\"so-panel widget widget_sow-image panel-first-child\" data-index=\"3\" ><div\n\t\t\t\n\t\t\tclass=\"so-widget-sow-image so-widget-sow-image-default-8b5b6f678277-1028\"\n\t\t\t\n\t\t>\n<div class=\"sow-image-container\">\n\t\t\t<a href=\"http:\/\/akyolgroup.com.tr\/index.php\/urunler\/dis-mekan-kapisi\/exclusiv-seri\/at-serisi\/ate-1020\/\"\n\t\t\t\t\t>\n\t\t\t<img \n\tsrc=\"https:\/\/akyolgroup.com.tr\/wp-content\/uploads\/2019\/02\/ATE-1020.jpg\" width=\"800\" height=\"1000\" srcset=\"https:\/\/akyolgroup.com.tr\/wp-content\/uploads\/2019\/02\/ATE-1020.jpg 800w, https:\/\/akyolgroup.com.tr\/wp-content\/uploads\/2019\/02\/ATE-1020-240x300.jpg 240w, https:\/\/akyolgroup.com.tr\/wp-content\/uploads\/2019\/02\/ATE-1020-768x960.jpg 768w\" sizes=\"(max-width: 800px) 100vw, 800px\" alt=\"\" \t\tclass=\"so-widget-image\"\/>\n\t\t\t<\/a><\/div>\n\n<\/div><\/div><div id=\"panel-1028-2-0-1\" class=\"so-panel widget widget_sow-button panel-last-child\" data-index=\"4\" ><div\n\t\t\t\n\t\t\tclass=\"so-widget-sow-button so-widget-sow-button-atom-bb13d0f132cd-1028\"\n\t\t\t\n\t\t><div class=\"ow-button-base ow-button-align-center\"\n>\n\t\t\t<a\n\t\t\t\t\thref=\"http:\/\/akyolgroup.com.tr\/index.php\/urunler\/dis-mekan-kapisi\/exclusiv-seri\/at-serisi\/ate-1020\/\"\n\t\t\t\t\tclass=\"sowb-button ow-icon-placement-left ow-button-hover\" \t>\n\t\t<span>\n\t\t\t\n\t\t\tATE 1020\t\t<\/span>\n\t\t\t<\/a>\n\t<\/div>\n<\/div><\/div><\/div><div id=\"pgc-1028-2-1\"  class=\"panel-grid-cell\" ><div id=\"panel-1028-2-1-0\" class=\"so-panel widget widget_sow-image panel-first-child\" data-index=\"5\" ><div\n\t\t\t\n\t\t\tclass=\"so-widget-sow-image so-widget-sow-image-default-8b5b6f678277-1028\"\n\t\t\t\n\t\t>\n<div class=\"sow-image-container\">\n\t\t\t<a href=\"http:\/\/akyolgroup.com.tr\/index.php\/urunler\/dis-mekan-kapisi\/exclusiv-seri\/at-serisi\/ate-1030\/\"\n\t\t\t\t\t>\n\t\t\t<img \n\tsrc=\"https:\/\/akyolgroup.com.tr\/wp-content\/uploads\/2019\/02\/ATE-1030.jpg\" width=\"800\" height=\"1000\" srcset=\"https:\/\/akyolgroup.com.tr\/wp-content\/uploads\/2019\/02\/ATE-1030.jpg 800w, https:\/\/akyolgroup.com.tr\/wp-content\/uploads\/2019\/02\/ATE-1030-240x300.jpg 240w, https:\/\/akyolgroup.com.tr\/wp-content\/uploads\/2019\/02\/ATE-1030-768x960.jpg 768w\" sizes=\"(max-width: 800px) 100vw, 800px\" alt=\"\" \t\tclass=\"so-widget-image\"\/>\n\t\t\t<\/a><\/div>\n\n<\/div><\/div><div id=\"panel-1028-2-1-1\" class=\"so-panel widget widget_sow-button panel-last-child\" data-index=\"6\" ><div\n\t\t\t\n\t\t\tclass=\"so-widget-sow-button so-widget-sow-button-atom-bb13d0f132cd-1028\"\n\t\t\t\n\t\t><div class=\"ow-button-base ow-button-align-center\"\n>\n\t\t\t<a\n\t\t\t\t\thref=\"http:\/\/akyolgroup.com.tr\/index.php\/urunler\/dis-mekan-kapisi\/exclusiv-seri\/at-serisi\/ate-1030\/\"\n\t\t\t\t\tclass=\"sowb-button ow-icon-placement-left ow-button-hover\" \t>\n\t\t<span>\n\t\t\t\n\t\t\tATE 1030\t\t<\/span>\n\t\t\t<\/a>\n\t<\/div>\n<\/div><\/div><\/div><div id=\"pgc-1028-2-2\"  class=\"panel-grid-cell\" ><div id=\"panel-1028-2-2-0\" class=\"so-panel widget widget_sow-image panel-first-child\" data-index=\"7\" ><div\n\t\t\t\n\t\t\tclass=\"so-widget-sow-image so-widget-sow-image-default-8b5b6f678277-1028\"\n\t\t\t\n\t\t>\n<div class=\"sow-image-container\">\n\t\t\t<a href=\"http:\/\/akyolgroup.com.tr\/index.php\/urunler\/dis-mekan-kapisi\/exclusiv-seri\/at-serisi\/ate-1040\/\"\n\t\t\t\t\t>\n\t\t\t<img \n\tsrc=\"https:\/\/akyolgroup.com.tr\/wp-content\/uploads\/2019\/02\/ATE-1040.jpg\" width=\"800\" height=\"1000\" srcset=\"https:\/\/akyolgroup.com.tr\/wp-content\/uploads\/2019\/02\/ATE-1040.jpg 800w, https:\/\/akyolgroup.com.tr\/wp-content\/uploads\/2019\/02\/ATE-1040-240x300.jpg 240w, https:\/\/akyolgroup.com.tr\/wp-content\/uploads\/2019\/02\/ATE-1040-768x960.jpg 768w\" sizes=\"(max-width: 800px) 100vw, 800px\" alt=\"\" \t\tclass=\"so-widget-image\"\/>\n\t\t\t<\/a><\/div>\n\n<\/div><\/div><div id=\"panel-1028-2-2-1\" class=\"so-panel widget widget_sow-button panel-last-child\" data-index=\"8\" ><div\n\t\t\t\n\t\t\tclass=\"so-widget-sow-button so-widget-sow-button-atom-bb13d0f132cd-1028\"\n\t\t\t\n\t\t><div class=\"ow-button-base ow-button-align-center\"\n>\n\t\t\t<a\n\t\t\t\t\thref=\"http:\/\/akyolgroup.com.tr\/index.php\/urunler\/dis-mekan-kapisi\/exclusiv-seri\/at-serisi\/ate-1040\/\"\n\t\t\t\t\tclass=\"sowb-button ow-icon-placement-left ow-button-hover\" \t>\n\t\t<span>\n\t\t\t\n\t\t\tATE 1040\t\t<\/span>\n\t\t\t<\/a>\n\t<\/div>\n<\/div><\/div><\/div><\/div><\/div><div id=\"pg-1028-3\"  class=\"panel-grid panel-has-style\" ><div class=\"panel-row-style panel-row-style-for-1028-3\" ><div id=\"pgc-1028-3-0\"  class=\"panel-grid-cell\" ><div id=\"panel-1028-3-0-0\" class=\"so-panel widget widget_sow-image panel-first-child\" data-index=\"9\" ><div\n\t\t\t\n\t\t\tclass=\"so-widget-sow-image so-widget-sow-image-default-8b5b6f678277-1028\"\n\t\t\t\n\t\t>\n<div class=\"sow-image-container\">\n\t\t\t<a href=\"http:\/\/akyolgroup.com.tr\/index.php\/urunler\/dis-mekan-kapisi\/exclusiv-seri\/at-serisi\/ate-1042\/\"\n\t\t\t\t\t>\n\t\t\t<img \n\tsrc=\"https:\/\/akyolgroup.com.tr\/wp-content\/uploads\/2019\/02\/ATE-1042.jpg\" width=\"800\" height=\"1000\" srcset=\"https:\/\/akyolgroup.com.tr\/wp-content\/uploads\/2019\/02\/ATE-1042.jpg 800w, https:\/\/akyolgroup.com.tr\/wp-content\/uploads\/2019\/02\/ATE-1042-240x300.jpg 240w, https:\/\/akyolgroup.com.tr\/wp-content\/uploads\/2019\/02\/ATE-1042-768x960.jpg 768w\" sizes=\"(max-width: 800px) 100vw, 800px\" alt=\"\" \t\tclass=\"so-widget-image\"\/>\n\t\t\t<\/a><\/div>\n\n<\/div><\/div><div id=\"panel-1028-3-0-1\" class=\"so-panel widget widget_sow-button panel-last-child\" data-index=\"10\" ><div\n\t\t\t\n\t\t\tclass=\"so-widget-sow-button so-widget-sow-button-atom-bb13d0f132cd-1028\"\n\t\t\t\n\t\t><div class=\"ow-button-base ow-button-align-center\"\n>\n\t\t\t<a\n\t\t\t\t\thref=\"http:\/\/akyolgroup.com.tr\/index.php\/urunler\/dis-mekan-kapisi\/exclusiv-seri\/at-serisi\/ate-1042\/\"\n\t\t\t\t\tclass=\"sowb-button ow-icon-placement-left ow-button-hover\" \t>\n\t\t<span>\n\t\t\t\n\t\t\tATE 1042\t\t<\/span>\n\t\t\t<\/a>\n\t<\/div>\n<\/div><\/div><\/div><div id=\"pgc-1028-3-1\"  class=\"panel-grid-cell\" ><div id=\"panel-1028-3-1-0\" class=\"so-panel widget widget_sow-image panel-first-child\" data-index=\"11\" ><div\n\t\t\t\n\t\t\tclass=\"so-widget-sow-image so-widget-sow-image-default-8b5b6f678277-1028\"\n\t\t\t\n\t\t>\n<div class=\"sow-image-container\">\n\t\t\t<a href=\"http:\/\/akyolgroup.com.tr\/index.php\/urunler\/dis-mekan-kapisi\/exclusiv-seri\/at-serisi\/ate-1061\/\"\n\t\t\t\t\t>\n\t\t\t<img \n\tsrc=\"https:\/\/akyolgroup.com.tr\/wp-content\/uploads\/2019\/02\/ate-1061.jpg\" width=\"800\" height=\"1000\" srcset=\"https:\/\/akyolgroup.com.tr\/wp-content\/uploads\/2019\/02\/ate-1061.jpg 800w, https:\/\/akyolgroup.com.tr\/wp-content\/uploads\/2019\/02\/ate-1061-240x300.jpg 240w, https:\/\/akyolgroup.com.tr\/wp-content\/uploads\/2019\/02\/ate-1061-768x960.jpg 768w\" sizes=\"(max-width: 800px) 100vw, 800px\" alt=\"\" \t\tclass=\"so-widget-image\"\/>\n\t\t\t<\/a><\/div>\n\n<\/div><\/div><div id=\"panel-1028-3-1-1\" class=\"so-panel widget widget_sow-button panel-last-child\" data-index=\"12\" ><div\n\t\t\t\n\t\t\tclass=\"so-widget-sow-button so-widget-sow-button-atom-bb13d0f132cd-1028\"\n\t\t\t\n\t\t><div class=\"ow-button-base ow-button-align-center\"\n>\n\t\t\t<a\n\t\t\t\t\thref=\"http:\/\/akyolgroup.com.tr\/index.php\/urunler\/dis-mekan-kapisi\/exclusiv-seri\/at-serisi\/ate-1061\/\"\n\t\t\t\t\tclass=\"sowb-button ow-icon-placement-left ow-button-hover\" \t>\n\t\t<span>\n\t\t\t\n\t\t\tATE 1061\t\t<\/span>\n\t\t\t<\/a>\n\t<\/div>\n<\/div><\/div><\/div><div id=\"pgc-1028-3-2\"  class=\"panel-grid-cell\" ><div id=\"panel-1028-3-2-0\" class=\"so-panel widget widget_sow-image panel-first-child\" data-index=\"13\" ><div\n\t\t\t\n\t\t\tclass=\"so-widget-sow-image so-widget-sow-image-default-8b5b6f678277-1028\"\n\t\t\t\n\t\t>\n<div class=\"sow-image-container\">\n\t\t\t<a href=\"http:\/\/akyolgroup.com.tr\/index.php\/urunler\/dis-mekan-kapisi\/exclusiv-seri\/at-serisi\/ate-1063\/\"\n\t\t\t\t\t>\n\t\t\t<img \n\tsrc=\"https:\/\/akyolgroup.com.tr\/wp-content\/uploads\/2019\/02\/ATE-1063.jpg\" width=\"800\" height=\"1000\" srcset=\"https:\/\/akyolgroup.com.tr\/wp-content\/uploads\/2019\/02\/ATE-1063.jpg 800w, https:\/\/akyolgroup.com.tr\/wp-content\/uploads\/2019\/02\/ATE-1063-240x300.jpg 240w, https:\/\/akyolgroup.com.tr\/wp-content\/uploads\/2019\/02\/ATE-1063-768x960.jpg 768w\" sizes=\"(max-width: 800px) 100vw, 800px\" alt=\"\" \t\tclass=\"so-widget-image\"\/>\n\t\t\t<\/a><\/div>\n\n<\/div><\/div><div id=\"panel-1028-3-2-1\" class=\"so-panel widget widget_sow-button panel-last-child\" data-index=\"14\" ><div\n\t\t\t\n\t\t\tclass=\"so-widget-sow-button so-widget-sow-button-atom-bb13d0f132cd-1028\"\n\t\t\t\n\t\t><div class=\"ow-button-base ow-button-align-center\"\n>\n\t\t\t<a\n\t\t\t\t\thref=\"http:\/\/akyolgroup.com.tr\/index.php\/urunler\/dis-mekan-kapisi\/exclusiv-seri\/at-serisi\/ate-1063\/\"\n\t\t\t\t\tclass=\"sowb-button ow-icon-placement-left ow-button-hover\" \t>\n\t\t<span>\n\t\t\t\n\t\t\tATE 1063\t\t<\/span>\n\t\t\t<\/a>\n\t<\/div>\n<\/div><\/div><\/div><\/div><\/div><\/div>","protected":false},"excerpt":{"rendered":"<p>Sade dokunu\u015flar ve pratik bir zariflik Sadece hayal g\u00fcc\u00fcn\u00fcz ve dekorasyon zevkinize hitap eden, tasar\u0131m\u0131n\u0131 sadelikle b\u00fct\u00fcnle\u015ftiren AG Serisi, sizi kendine hayran b\u0131rakacak. Bir kap\u0131dan ziyade dekorasyonunuzun tamamlay\u0131c\u0131 unsuru olan AG serisi sizi sadeli\u011fe davet ediyor.<\/p>\n","protected":false},"author":1,"featured_media":1069,"parent":877,"menu_order":0,"comment_status":"closed","ping_status":"closed","template":"page-templates\/template-builder.php","meta":{"footnotes":""},"class_list":["post-1028","page","type-page","status-publish","has-post-thumbnail","hentry"],"_links":{"self":[{"href":"https:\/\/akyolgroup.com.tr\/index.php\/wp-json\/wp\/v2\/pages\/1028","targetHints":{"allow":["GET"]}}],"collection":[{"href":"https:\/\/akyolgroup.com.tr\/index.php\/wp-json\/wp\/v2\/pages"}],"about":[{"href":"https:\/\/akyolgroup.com.tr\/index.php\/wp-json\/wp\/v2\/types\/page"}],"author":[{"embeddable":true,"href":"https:\/\/akyolgroup.com.tr\/index.php\/wp-json\/wp\/v2\/users\/1"}],"replies":[{"embeddable":true,"href":"https:\/\/akyolgroup.com.tr\/index.php\/wp-json\/wp\/v2\/comments?post=1028"}],"version-history":[{"count":18,"href":"https:\/\/akyolgroup.com.tr\/index.php\/wp-json\/wp\/v2\/pages\/1028\/revisions"}],"predecessor-version":[{"id":1074,"href":"https:\/\/akyolgroup.com.tr\/index.php\/wp-json\/wp\/v2\/pages\/1028\/revisions\/1074"}],"up":[{"embeddable":true,"href":"https:\/\/akyolgroup.com.tr\/index.php\/wp-json\/wp\/v2\/pages\/877"}],"wp:featuredmedia":[{"embeddable":true,"href":"https:\/\/akyolgroup.com.tr\/index.php\/wp-json\/wp\/v2\/media\/1069"}],"wp:attachment":[{"href":"https:\/\/akyolgroup.com.tr\/index.php\/wp-json\/wp\/v2\/media?parent=1028"}],"curies":[{"name":"wp","href":"https:\/\/api.w.org\/{rel}","templated":true}]}}