{"id":390,"date":"2019-02-02T01:57:32","date_gmt":"2019-02-01T22:57:32","guid":{"rendered":"http:\/\/akyolgroup.com.tr\/en\/?page_id=390"},"modified":"2019-02-06T03:01:26","modified_gmt":"2019-02-06T00:01:26","slug":"proje-cizimi","status":"publish","type":"page","link":"https:\/\/akyolgroup.com.tr\/en\/index.php\/hizmetlerimiz\/proje-cizimi\/","title":{"rendered":"The Project Drawing"},"content":{"rendered":"<div id=\"pl-390\"  class=\"panel-layout\" ><div id=\"pg-390-0\"  class=\"panel-grid panel-has-style\" ><div class=\"panel-row-style panel-row-style-for-390-0\" ><div id=\"pgc-390-0-0\"  class=\"panel-grid-cell\" ><div id=\"panel-390-0-0-0\" class=\"so-panel widget widget_sow-editor panel-first-child panel-last-child\" data-index=\"0\" ><div\n\t\t\t\n\t\t\tclass=\"so-widget-sow-editor so-widget-sow-editor-base\"\n\t\t\t\n\t\t>\n<div class=\"siteorigin-widget-tinymce textwidget\">\n\t<p><img loading=\"lazy\" decoding=\"async\" class=\"alignleft size-full wp-image-392\" src=\"http:\/\/akyolgroup.com.tr\/en\/wp-content\/uploads\/2019\/02\/akyol-group.png\" alt=\"\" width=\"200\" height=\"183\" \/><\/p>\n<\/div>\n<\/div><\/div><\/div><\/div><\/div><\/div>","protected":false},"excerpt":{"rendered":"<p>Yapt\u0131\u011f\u0131m\u0131z i\u015fin kalitesinden, m\u00fc\u015fteri odakl\u0131l\u0131\u011f\u0131m\u0131zdan, g\u00fcvenilirli\u011fimizden ve olu\u015fturmu\u015f oldu\u011fumuz hakkaniyet felsefelerinden \u00f6d\u00fcn vermeden \u00e7al\u0131\u015fmalar yapmak, yapt\u0131\u011f\u0131m\u0131z \u00e7al\u0131\u015fmalar\u0131 i\u00e7 ve di\u015f m\u00fc\u015fterilerimizle payla\u015fmak misyonumuzdur.<\/p>\n","protected":false},"author":1,"featured_media":396,"parent":388,"menu_order":0,"comment_status":"closed","ping_status":"closed","template":"","meta":{"footnotes":""},"class_list":["post-390","page","type-page","status-publish","has-post-thumbnail","hentry"],"_links":{"self":[{"href":"https:\/\/akyolgroup.com.tr\/en\/index.php\/wp-json\/wp\/v2\/pages\/390","targetHints":{"allow":["GET"]}}],"collection":[{"href":"https:\/\/akyolgroup.com.tr\/en\/index.php\/wp-json\/wp\/v2\/pages"}],"about":[{"href":"https:\/\/akyolgroup.com.tr\/en\/index.php\/wp-json\/wp\/v2\/types\/page"}],"author":[{"embeddable":true,"href":"https:\/\/akyolgroup.com.tr\/en\/index.php\/wp-json\/wp\/v2\/users\/1"}],"replies":[{"embeddable":true,"href":"https:\/\/akyolgroup.com.tr\/en\/index.php\/wp-json\/wp\/v2\/comments?post=390"}],"version-history":[{"count":7,"href":"https:\/\/akyolgroup.com.tr\/en\/index.php\/wp-json\/wp\/v2\/pages\/390\/revisions"}],"predecessor-version":[{"id":1792,"href":"https:\/\/akyolgroup.com.tr\/en\/index.php\/wp-json\/wp\/v2\/pages\/390\/revisions\/1792"}],"up":[{"embeddable":true,"href":"https:\/\/akyolgroup.com.tr\/en\/index.php\/wp-json\/wp\/v2\/pages\/388"}],"wp:featuredmedia":[{"embeddable":true,"href":"https:\/\/akyolgroup.com.tr\/en\/index.php\/wp-json\/wp\/v2\/media\/396"}],"wp:attachment":[{"href":"https:\/\/akyolgroup.com.tr\/en\/index.php\/wp-json\/wp\/v2\/media?parent=390"}],"curies":[{"name":"wp","href":"https:\/\/api.w.org\/{rel}","templated":true}]}}